{"id":647,"date":"2020-12-09T11:47:39","date_gmt":"2020-12-09T11:47:39","guid":{"rendered":"https:\/\/ismarch.com\/?post_type=product&#038;p=647"},"modified":"2023-11-02T08:42:17","modified_gmt":"2023-11-02T08:42:17","slug":"chamada-do-smartwatch-k30","status":"publish","type":"product","link":"https:\/\/ismarch.com\/pt\/product\/k30-smartwatch-calling\/","title":{"rendered":"K30 Smartwatch Bluetooth chamando a aten\u00e7\u00e3o da sa\u00fade por taxa de calor"},"content":{"rendered":"<h4 style=\"text-align: center;\">K30 Smartwatch Design leve e colorido<\/h4>\n<p><img fetchpriority=\"high\" decoding=\"async\" class=\"wp-image-642 aligncenter\" src=\"https:\/\/ismarch.com\/wp-content\/uploads\/2020\/12\/K30\u8be6\u60c5\u9875\u82f1\u6587_01-181x300.jpg\" alt=\"\" width=\"483\" height=\"800\" \/><\/p>\n<p>&nbsp;<\/p>\n<h4 style=\"text-align: center;\">A fun\u00e7\u00e3o completa inclui frequ\u00eancia card\u00edaca, press\u00e3o arterial, alarme, notifica\u00e7\u00e3o de mensagens, etc.<\/h4>\n<p><img decoding=\"async\" class=\"wp-image-643 aligncenter\" src=\"https:\/\/ismarch.com\/wp-content\/uploads\/2020\/12\/K30\u8be6\u60c5\u9875\u82f1\u6587_02-179x300.jpg\" alt=\"\" width=\"497\" height=\"833\" srcset=\"https:\/\/ismarch.com\/wp-content\/uploads\/2020\/12\/K30\u8be6\u60c5\u9875\u82f1\u6587_02-179x300.jpg 179w, https:\/\/ismarch.com\/wp-content\/uploads\/2020\/12\/K30\u8be6\u60c5\u9875\u82f1\u6587_02.jpg 339w\" sizes=\"(max-width: 497px) 100vw, 497px\" \/><\/p>\n<p>&nbsp;<\/p>\n<h4 style=\"text-align: center;\">K30 Smart Watch Tela Super HD e alta resolu\u00e7\u00e3o como efeito visual, toque f\u00e1cil<\/h4>\n<p><img decoding=\"async\" class=\"wp-image-649 aligncenter\" src=\"https:\/\/ismarch.com\/wp-content\/uploads\/2020\/12\/011-162x300.jpg\" alt=\"\" width=\"394\" height=\"730\" srcset=\"https:\/\/ismarch.com\/wp-content\/uploads\/2020\/12\/011-162x300.jpg 162w, https:\/\/ismarch.com\/wp-content\/uploads\/2020\/12\/011.jpg 284w\" sizes=\"(max-width: 394px) 100vw, 394px\" \/><\/p>\n<p>&nbsp;<\/p>\n<p>&nbsp;<\/p>\n<p>&nbsp;<\/p>\n<h4 style=\"text-align: center;\">Rel\u00f3gio inteligente com dados completos de sa\u00fade para facilitar a vida<\/h4>\n<p><img loading=\"lazy\" decoding=\"async\" class=\"wp-image-646 aligncenter\" src=\"https:\/\/ismarch.com\/wp-content\/uploads\/2020\/12\/K30\u8be6\u60c5\u9875\u82f1\u6587_06-173x300.jpg\" alt=\"\" width=\"496\" height=\"860\" srcset=\"https:\/\/ismarch.com\/wp-content\/uploads\/2020\/12\/K30\u8be6\u60c5\u9875\u82f1\u6587_06-173x300.jpg 173w, https:\/\/ismarch.com\/wp-content\/uploads\/2020\/12\/K30\u8be6\u60c5\u9875\u82f1\u6587_06.jpg 284w\" sizes=\"(max-width: 496px) 100vw, 496px\" \/><\/p>\n<p>&nbsp;<\/p>\n<h4 style=\"text-align: center;\">Chamadas Bluetooth Nunca perca chamadas importantes Rel\u00f3gio inteligente<\/h4>\n<p><img loading=\"lazy\" decoding=\"async\" class=\"wp-image-645 aligncenter\" src=\"https:\/\/ismarch.com\/wp-content\/uploads\/2020\/12\/K30\u8be6\u60c5\u9875\u82f1\u6587_04-164x300.jpg\" alt=\"\" width=\"497\" height=\"909\" srcset=\"https:\/\/ismarch.com\/wp-content\/uploads\/2020\/12\/K30\u8be6\u60c5\u9875\u82f1\u6587_04-164x300.jpg 164w, https:\/\/ismarch.com\/wp-content\/uploads\/2020\/12\/K30\u8be6\u60c5\u9875\u82f1\u6587_04-350x641.jpg 350w, https:\/\/ismarch.com\/wp-content\/uploads\/2020\/12\/K30\u8be6\u60c5\u9875\u82f1\u6587_04.jpg 426w\" sizes=\"(max-width: 497px) 100vw, 497px\" \/><\/p>\n<p>&nbsp;<\/p>\n<p>&nbsp;<\/p>","protected":false},"excerpt":{"rendered":"<h3><strong>Fun\u00e7\u00e3o<\/strong><\/h3>\n<p>1.o ritmo card\u00edaco, muito importante para usu\u00e1rios antigos e esportivos<\/p>\n<p>2. Press\u00e3o arterial e oxig\u00eanio no sangue acompanham a press\u00e3o arterial di\u00e1ria do paciente<\/p>\n<p>3.Modo de dormir, entenda seu sono para um melhor dia<\/p>\n<p>4.Calorie calculate, mantenha-se em forma em sua vida di\u00e1ria<\/p>\n<p>5.SMS de alerta empurra, verifica uma mensagem ou e-mail quando voc\u00ea se encontra ou pratica esportes<\/p>\n<p>6. chamadas Bluetooth, nunca perca nenhuma chamada, atenda chamadas a qualquer momento<\/p>\n<h3><\/h3>\n<h3><strong>OEM &amp; ODM<\/strong><\/h3>\n<p>Logotipo de impress\u00e3o para ON\/OFF, logo de impress\u00e3o a laser no verso do smartwatch, interface personalizada, basta nos informar suas pe\u00e7as personalizadas. Iremos satisfazer seu pedido de OEM\/ODM.<\/p>\n<h3><\/h3>\n<h3><strong>Ordem Grande ou Pequena<\/strong><\/h3>\n<p>Solicite um ou milhares de pe\u00e7as de cada vez, seremos flex\u00edveis para apoi\u00e1-lo. Mantemos estoque regular e podemos fazer remessas r\u00e1pidas para pedidos de teste. Tamb\u00e9m fornecemos estoque de armaz\u00e9m gratuito para coletar todo seu rel\u00f3gio smartwatch e banda inteligente e depois enviar diretamente para seu armaz\u00e9m ou clientes finais.<\/p>\n<p>&nbsp;<\/p>\n<p>&nbsp;<\/p>","protected":false},"featured_media":640,"template":"","meta":{"_seopress_robots_primary_cat":"none","_seopress_titles_title":"","_seopress_titles_desc":"","_seopress_robots_index":""},"product_brand":[],"product_cat":[50,48],"product_tag":[],"class_list":{"0":"post-647","1":"product","2":"type-product","3":"status-publish","4":"has-post-thumbnail","6":"product_cat-calling-smartwatch","7":"product_cat-smart-watch","9":"first","10":"instock","11":"shipping-taxable","12":"product-type-simple"},"_links":{"self":[{"href":"https:\/\/ismarch.com\/pt\/wp-json\/wp\/v2\/product\/647","targetHints":{"allow":["GET"]}}],"collection":[{"href":"https:\/\/ismarch.com\/pt\/wp-json\/wp\/v2\/product"}],"about":[{"href":"https:\/\/ismarch.com\/pt\/wp-json\/wp\/v2\/types\/product"}],"wp:featuredmedia":[{"embeddable":true,"href":"https:\/\/ismarch.com\/pt\/wp-json\/wp\/v2\/media\/640"}],"wp:attachment":[{"href":"https:\/\/ismarch.com\/pt\/wp-json\/wp\/v2\/media?parent=647"}],"wp:term":[{"taxonomy":"product_brand","embeddable":true,"href":"https:\/\/ismarch.com\/pt\/wp-json\/wp\/v2\/product_brand?post=647"},{"taxonomy":"product_cat","embeddable":true,"href":"https:\/\/ismarch.com\/pt\/wp-json\/wp\/v2\/product_cat?post=647"},{"taxonomy":"product_tag","embeddable":true,"href":"https:\/\/ismarch.com\/pt\/wp-json\/wp\/v2\/product_tag?post=647"}],"curies":[{"name":"wp","href":"https:\/\/api.w.org\/{rel}","templated":true}]}}