{"id":16537,"date":"2024-04-08T04:07:48","date_gmt":"2024-04-08T04:07:48","guid":{"rendered":"https:\/\/ismarch.com\/?post_type=product&#038;p=16537"},"modified":"2024-04-08T04:09:08","modified_gmt":"2024-04-08T04:09:08","slug":"capacete-de-seguranca-inteligente","status":"publish","type":"product","link":"https:\/\/ismarch.com\/pt\/product\/smart-safety-helmet\/","title":{"rendered":"Capacete de seguran\u00e7a inteligente - seguran\u00e7a avan\u00e7ada de IoT para uso industrial"},"content":{"rendered":"<p>Experimente o ep\u00edtome da seguran\u00e7a industrial moderna com o Capacete Inteligente iSmarch, uma inova\u00e7\u00e3o colaborativa trazida a voc\u00ea pela iSmarch e pelo VCT InSite. Esse capacete n\u00e3o \u00e9 apenas um equipamento; \u00e9 uma fus\u00e3o de prote\u00e7\u00e3o de alto n\u00edvel e tecnologia IoT sofisticada, projetada para impulsionar a seguran\u00e7a no local de trabalho para uma nova era.<\/p>\n<p>Entre no futuro da seguran\u00e7a no local de trabalho com o capacete inteligente iSmarch. Projetado para o mundo industrial moderno, esse capacete combina prote\u00e7\u00e3o superior com a mais avan\u00e7ada tecnologia de IoT para mant\u00ea-lo conectado e seguro.<\/p>\n<p><img fetchpriority=\"high\" decoding=\"async\" class=\"alignnone wp-image-16505\" src=\"https:\/\/ismarch.com\/wp-content\/uploads\/2024\/04\/Smart-helmet-connect-to-Lora-300x162.jpg\" alt=\"Capacete inteligente conectado ao Lora\" width=\"590\" height=\"318\" srcset=\"https:\/\/ismarch.com\/wp-content\/uploads\/2024\/04\/Smart-helmet-connect-to-Lora-300x162.jpg 300w, https:\/\/ismarch.com\/wp-content\/uploads\/2024\/04\/Smart-helmet-connect-to-Lora-1024x554.jpg 1024w, https:\/\/ismarch.com\/wp-content\/uploads\/2024\/04\/Smart-helmet-connect-to-Lora-768x415.jpg 768w, https:\/\/ismarch.com\/wp-content\/uploads\/2024\/04\/Smart-helmet-connect-to-Lora-18x10.jpg 18w, https:\/\/ismarch.com\/wp-content\/uploads\/2024\/04\/Smart-helmet-connect-to-Lora.jpg 1200w\" sizes=\"(max-width: 590px) 100vw, 590px\" \/><\/p>\n<p>O que diferencia o Capacete Inteligente iSmarch \u00e9 o seu sistema integrado de posicionamento de pessoal, que oferece uma precis\u00e3o exata para rastrear a localiza\u00e7\u00e3o do usu\u00e1rio, seja em ambientes internos ou em canteiros de obras extensos. Isso garante a coordena\u00e7\u00e3o operacional e aprimora as medidas de seguran\u00e7a, mantendo todos informados o tempo todo.<\/p>\n<p>A comunica\u00e7\u00e3o \u00e9 fundamental em ambientes de alto risco, e a iSmarch entende isso. \u00c9 por isso que nosso capacete \u00e9 equipado com conectividade LoRa para comunica\u00e7\u00e3o de \u00e1rea ampla e BLE para conex\u00f5es locais com efici\u00eancia energ\u00e9tica. Essa tecnologia de comunica\u00e7\u00e3o dupla permite a transfer\u00eancia ininterrupta de dados e alertas em tempo real, garantindo que voc\u00ea esteja sempre em contato quando for mais importante.<\/p>\n<p>Com o iSmarch Smart Helmet, voc\u00ea pode alternar facilmente entre o posicionamento por BLE e GPS para se adaptar a v\u00e1rios ambientes, garantindo servi\u00e7os de localiza\u00e7\u00e3o consistentes e confi\u00e1veis. O design modular permite uma s\u00e9rie de acess\u00f3rios, proporcionando versatilidade e funcionalidade aprimorada, adaptada \u00e0s suas necessidades.<\/p>\n<p>Escolha o capacete inteligente iSmarch por suas vantagens inigual\u00e1veis: design estrat\u00e9gico para prote\u00e7\u00e3o robusta, comunica\u00e7\u00e3o perfeita e cobertura abrangente que os capacetes tradicionais n\u00e3o podem oferecer. Abrace a pr\u00f3xima gera\u00e7\u00e3o de prote\u00e7\u00e3o inteligente, onde a seguran\u00e7a encontra a conectividade.<\/p>\n<p><iframe title=\"Revolucionando a seguran\u00e7a na constru\u00e7\u00e3o: A tecnologia de capacete inteligente VCT InSite e iSmarch\" width=\"800\" height=\"450\" src=\"https:\/\/www.youtube.com\/embed\/qe0G8KxJg94?start=48&#038;feature=oembed\" frameborder=\"0\" allow=\"accelerometer; autoplay; clipboard-write; encrypted-media; gyroscope; picture-in-picture; web-share\" referrerpolicy=\"strict-origin-when-cross-origin\" allowfullscreen><\/iframe><\/p>","protected":false},"excerpt":{"rendered":"<p>Experience the epitome of modern industrial safety with the iSmarch Smart Helmet, a collaborative innovation brought to you by iSmarch and the VCT InSite. This helmet isn&#8217;t just a piece of equipment; it&#8217;s a fusion of high-level protection and sophisticated IoT technology, designed to propel workplace safety into a new era. Step into the future [&hellip;]<\/p>\n","protected":false},"featured_media":16540,"template":"","meta":{"_seopress_robots_primary_cat":"none","_seopress_titles_title":"iSmarch Smart Safety Helmet | Cutting-Edge IoT Safety & Communication","_seopress_titles_desc":"Discover the iSmarch Smart Helmet, an IoT-integrated protective gear offering unmatched safety, precision positioning, and real-time connectivity. Ideal for industrial applications, it's the future of on-site safety and efficiency.","_seopress_robots_index":""},"product_brand":[],"product_cat":[73],"product_tag":[],"class_list":{"0":"post-16537","1":"product","2":"type-product","3":"status-publish","4":"has-post-thumbnail","6":"product_cat-industrial-military-wearables","8":"first","9":"instock","10":"shipping-taxable","11":"product-type-simple"},"_links":{"self":[{"href":"https:\/\/ismarch.com\/pt\/wp-json\/wp\/v2\/product\/16537","targetHints":{"allow":["GET"]}}],"collection":[{"href":"https:\/\/ismarch.com\/pt\/wp-json\/wp\/v2\/product"}],"about":[{"href":"https:\/\/ismarch.com\/pt\/wp-json\/wp\/v2\/types\/product"}],"wp:featuredmedia":[{"embeddable":true,"href":"https:\/\/ismarch.com\/pt\/wp-json\/wp\/v2\/media\/16540"}],"wp:attachment":[{"href":"https:\/\/ismarch.com\/pt\/wp-json\/wp\/v2\/media?parent=16537"}],"wp:term":[{"taxonomy":"product_brand","embeddable":true,"href":"https:\/\/ismarch.com\/pt\/wp-json\/wp\/v2\/product_brand?post=16537"},{"taxonomy":"product_cat","embeddable":true,"href":"https:\/\/ismarch.com\/pt\/wp-json\/wp\/v2\/product_cat?post=16537"},{"taxonomy":"product_tag","embeddable":true,"href":"https:\/\/ismarch.com\/pt\/wp-json\/wp\/v2\/product_tag?post=16537"}],"curies":[{"name":"wp","href":"https:\/\/api.w.org\/{rel}","templated":true}]}}