{"id":16448,"date":"2024-03-14T02:24:42","date_gmt":"2024-03-14T02:24:42","guid":{"rendered":"https:\/\/ismarch.com\/?post_type=product&#038;p=16448"},"modified":"2024-03-14T06:39:36","modified_gmt":"2024-03-14T06:39:36","slug":"c2","status":"publish","type":"product","link":"https:\/\/ismarch.com\/pt\/product\/c2\/","title":{"rendered":"Smartwatch de sa\u00fade e condicionamento f\u00edsico C2 Precision com integra\u00e7\u00e3o BLE - UI colorida"},"content":{"rendered":"<ol>\n<li><strong>Fun\u00e7\u00f5es de monitoramento de sa\u00fade<\/strong>:\n<ul>\n<li><strong>Oxig\u00eanio no sangue (SpO2)<\/strong>: Usa o m\u00e9todo de reflex\u00e3o PPG com luz vermelha e infravermelha.<\/li>\n<li><strong>Temperatura corporal<\/strong>: M\u00f3dulo de temperatura de alta precis\u00e3o com exatid\u00e3o de \u00b10,2\u00b0C.<\/li>\n<li><strong>Frequ\u00eancia card\u00edaca<\/strong>: Alta precis\u00e3o, consumo de energia ultrabaixo, monitoramento cont\u00ednuo por 7\u00d724 horas.<\/li>\n<li><strong>Press\u00e3o arterial<\/strong>: Suportado (use com cautela devido a poss\u00edveis imprecis\u00f5es).<\/li>\n<li><strong>HRV (RRI)<\/strong>: Para aplicativos emocionais e psicol\u00f3gicos, os dados podem ser extra\u00eddos por meio do protocolo de transmiss\u00e3o ou do SDK personalizado.<\/li>\n<li><strong>Frequ\u00eancia respirat\u00f3ria<\/strong>: Suportado, medido em respira\u00e7\u00f5es por segundo.<\/li>\n<li><strong>Atividade e sono<\/strong>: Suporta o armazenamento de 7 dias de dados para monitoramento de atividade e sono, 24 horas por dia.<\/li>\n<li><strong>Calibra\u00e7\u00e3o autom\u00e1tica de tempo para pulseiras<\/strong>: Suportado (sem necessidade de calibra\u00e7\u00e3o do APP, a pulseira obt\u00e9m automaticamente a hora da esta\u00e7\u00e3o base Bluetooth), dispon\u00edvel como software opcional.<\/li>\n<\/ul>\n<\/li>\n<li><strong>Conectividade e recursos adicionais<\/strong>:\n<ul>\n<li><strong>Fun\u00e7\u00e3o SOS<\/strong>: Suportado, com um toque longo de 5 segundos para transmitir um sinal SOS a ser recebido pela esta\u00e7\u00e3o base e respondido pela plataforma de nuvem (dispon\u00edvel em algumas vers\u00f5es de firmware).<\/li>\n<li><strong>NFC<\/strong>: Suportado, 13,56MHz M1.<\/li>\n<li><strong>Transmiss\u00e3o Bluetooth BEACON<\/strong>: Transmiss\u00e3o de dados a cada 300 ms.<\/li>\n<li><strong>Emparelhamento da esta\u00e7\u00e3o base Bluetooth<\/strong>: Suporta calibra\u00e7\u00e3o de tempo em lote, exibi\u00e7\u00e3o do n\u00famero do aluno (funcion\u00e1rio), nome da classe (organiza\u00e7\u00e3o) na tela da pulseira, envio de mensagens da esta\u00e7\u00e3o base e armazenamento de at\u00e9 5 mensagens enviadas.<\/li>\n<\/ul>\n<\/li>\n<li><strong>Par\u00e2metros b\u00e1sicos<\/strong>:\n<ul>\n<li><strong>Tamanho<\/strong>: 40x20x13mm (corpo da pulseira).<\/li>\n<li><strong>Peso<\/strong>Peso: 9,4 g (corpo da pulseira), 12,2 g (pulseira).<\/li>\n<li><strong>Temperatura corporal Descri\u00e7\u00e3o da fun\u00e7\u00e3o<\/strong>: Detec\u00e7\u00e3o da temperatura da superf\u00edcie, detec\u00e7\u00e3o din\u00e2mica de alta precis\u00e3o da frequ\u00eancia card\u00edaca, sensor de temperatura de alta condutividade t\u00e9rmica, medi\u00e7\u00e3o cont\u00ednua e transmiss\u00e3o da temperatura da superf\u00edcie do pulso, faixa de medi\u00e7\u00e3o de 36\u00b0C a 40\u00b0C com uma precis\u00e3o de \u00b10,2\u00b0C.<\/li>\n<\/ul>\n<\/li>\n<li><strong>Par\u00e2metros de hardware<\/strong>:\n<ul>\n<li><strong>Fornecedor de chipsets<\/strong>: NORDIC NRF52840.<\/li>\n<li><strong>APP<\/strong>: IXFIT (n\u00e3o para uso comercial).<\/li>\n<li><strong>Sistema compat\u00edvel<\/strong>: Android 5.0 e superior, iOS 9.0 e superior.<\/li>\n<li><strong>Mem\u00f3ria FLASH<\/strong>: 512K.<\/li>\n<li><strong>Tela<\/strong>: TFT IPS, 0,96 polegadas, resolu\u00e7\u00e3o de 160\u00d780, tipo de toque \u00fanico.<\/li>\n<\/ul>\n<\/li>\n<li><strong>Par\u00e2metros de conex\u00e3o<\/strong>:\n<ul>\n<li><strong>Bluetooth<\/strong>: Bluetooth 5.2.<\/li>\n<\/ul>\n<\/li>\n<li><strong>Par\u00e2metros do sensor<\/strong>:\n<ul>\n<li><strong>Sensor G<\/strong>: Sensor de alta precis\u00e3o com um consumo de energia operacional de apenas 100 microamperes.<\/li>\n<li><strong>Frequ\u00eancia card\u00edaca<\/strong>: M\u00f3dulo de frequ\u00eancia card\u00edaca de alta precis\u00e3o.<\/li>\n<\/ul>\n<\/li>\n<li><strong>Par\u00e2metros da bateria<\/strong>:\n<ul>\n<li><strong>Tipo<\/strong>: Bateria de pol\u00edmero de l\u00edtio.<\/li>\n<li><strong>Capacidade<\/strong>: 80mAh.<\/li>\n<li><strong>M\u00e9todo de carregamento<\/strong>: Carregador magn\u00e9tico.<\/li>\n<\/ul>\n<\/li>\n<li><strong>Outros par\u00e2metros<\/strong>:\n<ul>\n<li><strong>N\u00edvel \u00e0 prova d'\u00e1gua<\/strong>: IP68.<\/li>\n<li><strong>Tempo de carga<\/strong>: 2 horas.<\/li>\n<li><strong>Dura\u00e7\u00e3o da bateria<\/strong>: At\u00e9 12,5 dias apenas com Bluetooth, contagem de passos e monitoramento de temperatura ativos; mais de 1 semana com monitoramento cont\u00ednuo da frequ\u00eancia card\u00edaca.<\/li>\n<\/ul>\n<\/li>\n<li><strong>Design e embalagem<\/strong>:\n<ul>\n<li><strong>Cor da al\u00e7a<\/strong>: Silicone preto ou personaliz\u00e1vel (MOQ 1000PCS).<\/li>\n<li><strong>Material<\/strong>: Corpo principal: pl\u00e1stico; al\u00e7a: silicone.<\/li>\n<li><strong>Tamanho da embalagem<\/strong>: 98x98x40mm.<\/li>\n<li><strong>Peso da embalagem<\/strong>Peso: 92 g (incluindo a cabe\u00e7a do rel\u00f3gio, a pulseira e os acess\u00f3rios de carregamento).<\/li>\n<li><strong>Tamanho da caixa<\/strong>: 510x420x230mm.<\/li>\n<li><strong>Peso da caixa<\/strong>: 10,2 kg.<\/li>\n<li><strong>Quantidade da embalagem<\/strong>: 100 unidades por caixa.<\/li>\n<\/ul>\n<\/li>\n<\/ol>\n<p>&nbsp;<\/p>\n<p>Esses recursos indicam que o smartwatch C2 \u00e9 equipado com uma variedade de op\u00e7\u00f5es de monitoramento de sa\u00fade e conectividade, projetado para rastreamento cont\u00ednuo e preciso, e \u00e9 dur\u00e1vel com classifica\u00e7\u00e3o IP68 \u00e0 prova d'\u00e1gua. O dispositivo \u00e9 adequado para usu\u00e1rios que precisam de monitoramento abrangente da sa\u00fade e preferem um dispositivo que possa ser facilmente integrado a v\u00e1rios sistemas, tanto para uso pessoal quanto profissional.<\/p>\n<p>&nbsp;<\/p>\n<p><iframe title=\"C2 Smartwatch - Seu centro de sa\u00fade hol\u00edstica e conectividade da iSmarch\" width=\"800\" height=\"600\" src=\"https:\/\/www.youtube.com\/embed\/Xu0M7g5-V7Y?feature=oembed\" frameborder=\"0\" allow=\"accelerometer; autoplay; clipboard-write; encrypted-media; gyroscope; picture-in-picture; web-share\" allowfullscreen><\/iframe><\/p>","protected":false},"excerpt":{"rendered":"<p>Health Monitoring Functions: Blood Oxygen (SpO2): Uses PPG reflection method with red and infrared light. Body Temperature: High-precision temperature module with \u00b10.2\u00b0C accuracy. Heart Rate: High-precision, ultra-low-power consumption, continuous monitoring for 7&#215;24 hours. Blood Pressure: Supported (use with caution due to potential inaccuracies). HRV (RRI): For emotional and psychological applications, data can be extracted via [&hellip;]<\/p>\n","protected":false},"featured_media":16456,"template":"","meta":{"_seopress_robots_primary_cat":"none","_seopress_titles_title":"C2 Health Smartwatch - Precision Monitoring &amp; Seamless BLE Connectivity","_seopress_titles_desc":"Elevate your wellness journey with the C2 Smartwatch, your 24\/7 companion for precise health monitoring. With advanced features like accurate SpO2 tracking, dynamic heart rate monitoring, and skin temperature measurement, the C2 offers unparalleled health insights. Its sleek design, durable build, and BLE integration keep you connected and in control. Ideal for proactive health management and fitness enthusiasts.","_seopress_robots_index":""},"product_brand":[],"product_cat":[71,70,51],"product_tag":[],"class_list":{"0":"post-16448","1":"product","2":"type-product","3":"status-publish","4":"has-post-thumbnail","6":"product_cat-child-education-wearables","7":"product_cat-health-wellness-smartwatches","8":"product_cat-smart-band","10":"first","11":"instock","12":"shipping-taxable","13":"product-type-simple"},"_links":{"self":[{"href":"https:\/\/ismarch.com\/pt\/wp-json\/wp\/v2\/product\/16448","targetHints":{"allow":["GET"]}}],"collection":[{"href":"https:\/\/ismarch.com\/pt\/wp-json\/wp\/v2\/product"}],"about":[{"href":"https:\/\/ismarch.com\/pt\/wp-json\/wp\/v2\/types\/product"}],"wp:featuredmedia":[{"embeddable":true,"href":"https:\/\/ismarch.com\/pt\/wp-json\/wp\/v2\/media\/16456"}],"wp:attachment":[{"href":"https:\/\/ismarch.com\/pt\/wp-json\/wp\/v2\/media?parent=16448"}],"wp:term":[{"taxonomy":"product_brand","embeddable":true,"href":"https:\/\/ismarch.com\/pt\/wp-json\/wp\/v2\/product_brand?post=16448"},{"taxonomy":"product_cat","embeddable":true,"href":"https:\/\/ismarch.com\/pt\/wp-json\/wp\/v2\/product_cat?post=16448"},{"taxonomy":"product_tag","embeddable":true,"href":"https:\/\/ismarch.com\/pt\/wp-json\/wp\/v2\/product_tag?post=16448"}],"curies":[{"name":"wp","href":"https:\/\/api.w.org\/{rel}","templated":true}]}}