{"id":16088,"date":"2023-11-02T08:01:06","date_gmt":"2023-11-02T08:01:06","guid":{"rendered":"https:\/\/ismarch.com\/?post_type=product&#038;p=16088"},"modified":"2023-11-02T08:03:52","modified_gmt":"2023-11-02T08:03:52","slug":"j1-relogio-antidesmontagem","status":"publish","type":"product","link":"https:\/\/ismarch.com\/pt\/product\/j1-anti-dismantling-watch\/","title":{"rendered":"J1 Anti-Dismantling Watch - Tecnologia vest\u00edvel segura e confi\u00e1vel"},"content":{"rendered":"<p><iframe title=\"iSmarch J1 Jail Management Smartwatch | Wearables personalizados para instala\u00e7\u00f5es correcionais\" width=\"800\" height=\"450\" src=\"https:\/\/www.youtube.com\/embed\/bM0NKr-KHCY?feature=oembed\" frameborder=\"0\" allow=\"accelerometer; autoplay; clipboard-write; encrypted-media; gyroscope; picture-in-picture; web-share\" allowfullscreen><\/iframe><\/p>\n<h2>Principais recursos<\/h2>\n<ul>\n<li>Design f\u00e1cil de usar: O J1 foi projetado sem uma tela para simplificar, enquanto o J2 vem com uma tela para atender a requisitos variados.<\/li>\n<li>Seguran\u00e7a \u00e0 prova de viola\u00e7\u00e3o: Projetado com um material condutor integrado em sua cinta de tr\u00eas camadas, qualquer tentativa de viola\u00e7\u00e3o ou corte aciona instantaneamente um alerta, garantindo uma vigil\u00e2ncia consistente.<\/li>\n<li>Monitoramento avan\u00e7ado da sa\u00fade: J1 e J2 fornecem m\u00e9tricas abrangentes, como n\u00edveis de estresse, frequ\u00eancia card\u00edaca, Spo2 e muito mais para garantir o bem-estar dos detentos.<\/li>\n<li>Carregamento inovador: Com uma inovadora caixa de carregamento controlada por guardas, o rel\u00f3gio nunca precisa sair do pulso do preso, garantindo vigil\u00e2ncia ininterrupta.<\/li>\n<li>Dur\u00e1vel e hipoalerg\u00eanico: Fabricados com pulseiras de TPE hipoalerg\u00eanicas, os rel\u00f3gios combinam conforto e durabilidade, o que os diferencia das pulseiras de TPU convencionais.<\/li>\n<li>Sistema de trava robusto: Com um mecanismo de trava complexo, intertravamento de liga de zinco e parafusos especiais, os rel\u00f3gios priorizam a seguran\u00e7a. O sistema de alarme em tempo real e o destravador especial aumentam ainda mais a seguran\u00e7a.<\/li>\n<li>Classifica\u00e7\u00e3o IP68: O design \u00e0 prova d'\u00e1gua e de poeira garante o funcionamento ideal do rel\u00f3gio em diversas condi\u00e7\u00f5es.<\/li>\n<li>Durabilidade da tela sob medida: Os usu\u00e1rios t\u00eam a flexibilidade de atualizar a resist\u00eancia da tela com base em suas necessidades espec\u00edficas, garantindo que ela resista a ambientes rigorosos.<\/li>\n<\/ul>\n<h3>Uso a longo prazo<\/h3>\n<ul>\n<li><strong>Vida \u00fatil prolongada da bateria<\/strong>: Criado para operar por longos per\u00edodos, minimizando a necessidade de recarga frequente.<\/li>\n<li><strong>Ajuste confort\u00e1vel<\/strong>: Projetado tendo em mente o conforto do usu\u00e1rio para uso prolongado sem causar irrita\u00e7\u00e3o ou desconforto \u00e0 pele.<\/li>\n<\/ul>\n<h3>Especifica\u00e7\u00f5es t\u00e9cnicas<\/h3>\n<ul>\n<li><strong>Conectividade<\/strong>: Tecnologias Bluetooth AOA e Low-Frequency 125K para rastreamento avan\u00e7ado.<\/li>\n<li><strong>Resist\u00eancia<\/strong>: Materiais de alta durabilidade com recursos antidesmantelamento adequados para aplica\u00e7\u00f5es voltadas para a seguran\u00e7a.<\/li>\n<\/ul>\n<h3>Aplicativos<\/h3>\n<ul>\n<li><strong>Instala\u00e7\u00f5es correcionais<\/strong>: Aprimora o rastreamento e o monitoramento de presos para melhorar a seguran\u00e7a das instala\u00e7\u00f5es.<\/li>\n<li><strong>Institui\u00e7\u00f5es de sa\u00fade mental<\/strong>: Fornece dados de localiza\u00e7\u00e3o do paciente para ajudar a garantir a seguran\u00e7a dos pacientes e da equipe.<\/li>\n<li><strong>Corre\u00e7\u00e3o comunit\u00e1ria<\/strong>: Auxilia no gerenciamento de indiv\u00edduos em programas de corre\u00e7\u00e3o comunit\u00e1ria com rastreamento constante de localiza\u00e7\u00e3o.<\/li>\n<\/ul>\n<h3>Personaliza\u00e7\u00e3o e suporte<\/h3>\n<ul>\n<li><strong>Configura\u00e7\u00f5es personalizadas<\/strong>: Dispon\u00edvel em diferentes tamanhos e pode ser configurado para atender a requisitos institucionais espec\u00edficos.<\/li>\n<li><strong>Suporte t\u00e9cnico<\/strong>: O suporte completo \u00e9 fornecido para configura\u00e7\u00e3o, implementa\u00e7\u00e3o e qualquer necessidade de solu\u00e7\u00e3o de problemas.<\/li>\n<\/ul>","protected":false},"excerpt":{"rendered":"<p>O rel\u00f3gio antidesmantelamento J1 \u00e9 um wearable de seguran\u00e7a especializado, projetado para ambientes que exigem o mais alto n\u00edvel de inviolabilidade e confiabilidade. Ideal para instala\u00e7\u00f5es correcionais, enfermarias psiqui\u00e1tricas e <a href=\"https:\/\/ismarch.com\/pt\/smartwatch-para-gerenciamento-de-prisoes\/\" target=\"_blank\" rel=\"noopener\">programas de corre\u00e7\u00e3o comunit\u00e1ria<\/a>O J1 garante o monitoramento cont\u00ednuo com foco na conformidade e na seguran\u00e7a do usu\u00e1rio.<\/p>\n<p>Especifica\u00e7\u00e3o J1<\/p>\n<p><strong>Material e tamanho<\/strong>:<\/p>\n<p>Dimens\u00f5es: 51MM*42MM*16,5MM; os pesos variam de acordo com os componentes: 31g (rel\u00f3gio), 40,3g (com trava magn\u00e9tica), 20,5g (chave de seguran\u00e7a), 42,2g (carregador sem fio).<\/p>\n<p>Tela: N\u00e3o foram fornecidos detalhes espec\u00edficos da tela; vem com um bot\u00e3o f\u00edsico.<\/p>\n<p>Corpo: Pl\u00e1stico com liga de zinco; pulseira: TPE condutor.<\/p>\n<p><strong>Fun\u00e7\u00f5es essenciais<\/strong>:<\/p>\n<p><strong>Conectividade<\/strong>: Plataforma Bluetooth 5.2, suporte a NFC em 13,56MHZ\/M1.<\/p>\n<p><strong>Monitoramento da sa\u00fade<\/strong>:<\/p>\n<p>Estresse e emo\u00e7\u00e3o: Monitora por meio de algoritmos baseados em HRV.<\/p>\n<p>Sa\u00fade f\u00edsica: Rastreia SPO2, frequ\u00eancia respirat\u00f3ria e temperatura corporal com alta precis\u00e3o de \u00b10,2 graus Celsius.<\/p>\n<p>Monitoramento card\u00edaco: Monitoramento de frequ\u00eancia card\u00edaca de baixa pot\u00eancia com consumo de 100-150 \u00b5A para rastreamento cont\u00ednuo.<\/p>\n<p>HRV\/RRI: taxa de amostragem de 25 Hz; taxas personaliz\u00e1veis dispon\u00edveis.<\/p>\n<p><strong>Recursos avan\u00e7ados<\/strong>:<\/p>\n<p><strong>Carregamento<\/strong>: Suporta carregamento sem fio, com um banco de energia integrado de 1000 mAh para carregamento conveniente sem cabos.<\/p>\n<p><strong>Seguran\u00e7a<\/strong>: Fun\u00e7\u00e3o SOS ao pressionar longamente um bot\u00e3o f\u00edsico por 5 segundos.<\/p>\n<p><strong>Funcionalidades exclusivas<\/strong>: Personaliz\u00e1vel para a combina\u00e7\u00e3o do gateway BLE +125K, suporte a ativador de 125K de baixa frequ\u00eancia e op\u00e7\u00f5es como posicionamento interno Angle of Arrival (AOA).<\/p>\n<p><strong>Bateria e carregamento<\/strong>:<\/p>\n<p>Bateria: Pol\u00edmero de l\u00edtio, 600MAH.<\/p>\n<p>Carregamento: M\u00e9todo de carregamento especializado.<\/p>\n<p>Dura\u00e7\u00e3o da bateria: 24 horas por dia, 7 dias por semana, com monitoramento de passos, Bluetooth e frequ\u00eancia card\u00edaca sempre ativados.<\/p>\n<p><strong>Outros par\u00e2metros<\/strong>:<\/p>\n<p>N\u00edvel \u00e0 prova d'\u00e1gua: IP68.<\/p>\n<p>Dispon\u00edvel apenas na cor preta da pulseira.<\/p>\n<p>Dimens\u00f5es da embalagem: 98*98*40mm, com um peso de 92g. O tamanho da caixa de papel\u00e3o \u00e9 de 510*420*230mm para 100 unidades.<\/p>","protected":false},"featured_media":15098,"template":"","meta":{"_seopress_robots_primary_cat":"none","_seopress_titles_title":"J1 Anti-Dismantling Watch - Advanced Security Wearable for Critical Monitoring","_seopress_titles_desc":"Secure your facility with the J1 Anti-Dismantling Watch, featuring Bluetooth AOA and 125K frequency for precise location tracking. Designed to be tamper-resistant and durable, it&#039;s the ideal solution for correctional facilities, mental health institutions, and community corrections. Reach out for specialized security wearables","_seopress_robots_index":""},"product_brand":[],"product_cat":[74],"product_tag":[],"class_list":{"0":"post-16088","1":"product","2":"type-product","3":"status-publish","4":"has-post-thumbnail","6":"product_cat-custom-special-market-wearables","8":"first","9":"instock","10":"shipping-taxable","11":"product-type-simple"},"_links":{"self":[{"href":"https:\/\/ismarch.com\/pt\/wp-json\/wp\/v2\/product\/16088","targetHints":{"allow":["GET"]}}],"collection":[{"href":"https:\/\/ismarch.com\/pt\/wp-json\/wp\/v2\/product"}],"about":[{"href":"https:\/\/ismarch.com\/pt\/wp-json\/wp\/v2\/types\/product"}],"wp:featuredmedia":[{"embeddable":true,"href":"https:\/\/ismarch.com\/pt\/wp-json\/wp\/v2\/media\/15098"}],"wp:attachment":[{"href":"https:\/\/ismarch.com\/pt\/wp-json\/wp\/v2\/media?parent=16088"}],"wp:term":[{"taxonomy":"product_brand","embeddable":true,"href":"https:\/\/ismarch.com\/pt\/wp-json\/wp\/v2\/product_brand?post=16088"},{"taxonomy":"product_cat","embeddable":true,"href":"https:\/\/ismarch.com\/pt\/wp-json\/wp\/v2\/product_cat?post=16088"},{"taxonomy":"product_tag","embeddable":true,"href":"https:\/\/ismarch.com\/pt\/wp-json\/wp\/v2\/product_tag?post=16088"}],"curies":[{"name":"wp","href":"https:\/\/api.w.org\/{rel}","templated":true}]}}