{"id":16082,"date":"2023-11-02T07:46:57","date_gmt":"2023-11-02T07:46:57","guid":{"rendered":"https:\/\/ismarch.com\/?post_type=product&#038;p=16082"},"modified":"2023-11-02T07:46:58","modified_gmt":"2023-11-02T07:46:58","slug":"j3-uwb-wearable","status":"publish","type":"product","link":"https:\/\/ismarch.com\/pt\/product\/j3-uwb-wearable\/","title":{"rendered":"J3-UWB Wearable - Rastreamento de localiza\u00e7\u00e3o de ultraprecis\u00e3o"},"content":{"rendered":"<h2>Principais recursos<\/h2>\n<h3>Tecnologia de banda ultralarga<\/h3>\n<ul>\n<li><strong>Precis\u00e3o de ponto<\/strong>: Com a tecnologia UWB, aproveite o rastreamento de localiza\u00e7\u00e3o com precis\u00e3o inigual\u00e1vel, essencial para ambientes de alto risco.<\/li>\n<li><strong>Dados em tempo real<\/strong>: As atualiza\u00e7\u00f5es imediatas da localiza\u00e7\u00e3o facilitam a tomada r\u00e1pida de decis\u00f5es e podem ser essenciais em situa\u00e7\u00f5es de emerg\u00eancia.<\/li>\n<\/ul>\n<h3>Robusto para uso rigoroso<\/h3>\n<ul>\n<li><strong>Constru\u00e7\u00e3o robusta<\/strong>: Projetado para suportar as condi\u00e7\u00f5es adversas das opera\u00e7\u00f5es industriais e militares.<\/li>\n<li><strong>Bateria de longa dura\u00e7\u00e3o<\/strong>: Garante a opera\u00e7\u00e3o cont\u00ednua durante miss\u00f5es ou per\u00edodos de trabalho prolongados.<\/li>\n<\/ul>\n<h3>Integra\u00e7\u00e3o perfeita<\/h3>\n<ul>\n<li><strong>F\u00e1cil de integrar<\/strong>: Compat\u00edvel com a infraestrutura UWB existente para uma configura\u00e7\u00e3o r\u00e1pida e sem complica\u00e7\u00f5es.<\/li>\n<li><strong>Implementa\u00e7\u00e3o escal\u00e1vel<\/strong>: Seja para uma equipe pequena ou para uma opera\u00e7\u00e3o inteira, o J3-UWB pode ser implantado em escala.<\/li>\n<\/ul>\n<h3>Especifica\u00e7\u00f5es t\u00e9cnicas<\/h3>\n<ul>\n<li><strong>Tecnologia UWB<\/strong>: Precis\u00e3o de ponta para rastreamento de localiza\u00e7\u00e3o.<\/li>\n<li><strong>Efici\u00eancia da bateria<\/strong>: Otimizado para resist\u00eancia sem comprometer o desempenho.<\/li>\n<\/ul>\n<h3>Aplicativos<\/h3>\n<ul>\n<li><strong>Automa\u00e7\u00e3o industrial<\/strong>: Simplifique os processos com o rastreamento preciso de pessoal e ativos.<\/li>\n<li><strong>Manobras militares<\/strong>: Aprimore as opera\u00e7\u00f5es t\u00e1ticas com intelig\u00eancia de localiza\u00e7\u00e3o em tempo real.<\/li>\n<\/ul>\n<h3>Personaliza\u00e7\u00e3o e suporte<\/h3>\n<ul>\n<li><strong>Firmware personalizado<\/strong>: Adapte o software do wearable para atender a requisitos operacionais espec\u00edficos.<\/li>\n<li><strong>Equipe de suporte especializada<\/strong>: Receba suporte abrangente desde a implanta\u00e7\u00e3o inicial at\u00e9 as opera\u00e7\u00f5es em andamento.<\/li>\n<\/ul>","protected":false},"excerpt":{"rendered":"<p>O J3-UWB Wearable representa o auge da tecnologia de rastreamento de localiza\u00e7\u00e3o precisa. Utilizando banda ultralarga (UWB) para uma precis\u00e3o exata, \u00e9 a solu\u00e7\u00e3o ideal para setores e opera\u00e7\u00f5es militares em que cada metro conta. O J3-UWB n\u00e3o \u00e9 apenas um wearable; \u00e9 uma pe\u00e7a fundamental de tecnologia para seguran\u00e7a, coordena\u00e7\u00e3o e efici\u00eancia operacional.<\/p>","protected":false},"featured_media":4434,"template":"","meta":{"_seopress_robots_primary_cat":"","_seopress_titles_title":"J3-UWB Wearable - Next-Gen Precision Tracking for Industry &amp; Military","_seopress_titles_desc":"Experience ultimate precision with the J3-UWB Wearable, leveraging Ultra-Wideband technology for the most accurate location tracking in industrial and military applications. Durable, efficient, and easily integrated. Contact us to enhance your operational accuracy with UWB technology.","_seopress_robots_index":""},"product_brand":[],"product_cat":[73],"product_tag":[],"class_list":{"0":"post-16082","1":"product","2":"type-product","3":"status-publish","4":"has-post-thumbnail","6":"product_cat-industrial-military-wearables","8":"first","9":"instock","10":"shipping-taxable","11":"product-type-simple"},"_links":{"self":[{"href":"https:\/\/ismarch.com\/pt\/wp-json\/wp\/v2\/product\/16082","targetHints":{"allow":["GET"]}}],"collection":[{"href":"https:\/\/ismarch.com\/pt\/wp-json\/wp\/v2\/product"}],"about":[{"href":"https:\/\/ismarch.com\/pt\/wp-json\/wp\/v2\/types\/product"}],"wp:featuredmedia":[{"embeddable":true,"href":"https:\/\/ismarch.com\/pt\/wp-json\/wp\/v2\/media\/4434"}],"wp:attachment":[{"href":"https:\/\/ismarch.com\/pt\/wp-json\/wp\/v2\/media?parent=16082"}],"wp:term":[{"taxonomy":"product_brand","embeddable":true,"href":"https:\/\/ismarch.com\/pt\/wp-json\/wp\/v2\/product_brand?post=16082"},{"taxonomy":"product_cat","embeddable":true,"href":"https:\/\/ismarch.com\/pt\/wp-json\/wp\/v2\/product_cat?post=16082"},{"taxonomy":"product_tag","embeddable":true,"href":"https:\/\/ismarch.com\/pt\/wp-json\/wp\/v2\/product_tag?post=16082"}],"curies":[{"name":"wp","href":"https:\/\/api.w.org\/{rel}","templated":true}]}}