{"id":647,"date":"2020-12-09T11:47:39","date_gmt":"2020-12-09T11:47:39","guid":{"rendered":"https:\/\/ismarch.com\/?post_type=product&#038;p=647"},"modified":"2023-11-02T08:42:17","modified_gmt":"2023-11-02T08:42:17","slug":"llamadas-al-smartwatch-k30","status":"publish","type":"product","link":"https:\/\/ismarch.com\/es\/product\/k30-smartwatch-calling\/","title":{"rendered":"K30 Smartwatch Llamada Bluetooth Ritmo de calor cuidado de la salud"},"content":{"rendered":"<h4 style=\"text-align: center;\">K30 Smartwatch Peso ligero y dise\u00f1o colorido<\/h4>\n<p><img fetchpriority=\"high\" decoding=\"async\" class=\"wp-image-642 aligncenter\" src=\"https:\/\/ismarch.com\/wp-content\/uploads\/2020\/12\/K30\u8be6\u60c5\u9875\u82f1\u6587_01-181x300.jpg\" alt=\"\" width=\"483\" height=\"800\" \/><\/p>\n<p>&nbsp;<\/p>\n<h4 style=\"text-align: center;\">Funci\u00f3n completa inculde o\u00edr la frecuencia, la presi\u00f3n arterial, alarma, notificaci\u00f3n de mensajes ect ...<\/h4>\n<p><img decoding=\"async\" class=\"wp-image-643 aligncenter\" src=\"https:\/\/ismarch.com\/wp-content\/uploads\/2020\/12\/K30\u8be6\u60c5\u9875\u82f1\u6587_02-179x300.jpg\" alt=\"\" width=\"497\" height=\"833\" srcset=\"https:\/\/ismarch.com\/wp-content\/uploads\/2020\/12\/K30\u8be6\u60c5\u9875\u82f1\u6587_02-179x300.jpg 179w, https:\/\/ismarch.com\/wp-content\/uploads\/2020\/12\/K30\u8be6\u60c5\u9875\u82f1\u6587_02.jpg 339w\" sizes=\"(max-width: 497px) 100vw, 497px\" \/><\/p>\n<p>&nbsp;<\/p>\n<h4 style=\"text-align: center;\">Reloj inteligente K30 Pantalla Super HD y alta resoluci\u00f3n como efecto visual, f\u00e1cil de tocar<\/h4>\n<p><img decoding=\"async\" class=\"wp-image-649 aligncenter\" src=\"https:\/\/ismarch.com\/wp-content\/uploads\/2020\/12\/011-162x300.jpg\" alt=\"\" width=\"394\" height=\"730\" srcset=\"https:\/\/ismarch.com\/wp-content\/uploads\/2020\/12\/011-162x300.jpg 162w, https:\/\/ismarch.com\/wp-content\/uploads\/2020\/12\/011.jpg 284w\" sizes=\"(max-width: 394px) 100vw, 394px\" \/><\/p>\n<p>&nbsp;<\/p>\n<p>&nbsp;<\/p>\n<p>&nbsp;<\/p>\n<h4 style=\"text-align: center;\">Reloj inteligente con todos los datos sanitarios para hacerle la vida m\u00e1s f\u00e1cil<\/h4>\n<p><img loading=\"lazy\" decoding=\"async\" class=\"wp-image-646 aligncenter\" src=\"https:\/\/ismarch.com\/wp-content\/uploads\/2020\/12\/K30\u8be6\u60c5\u9875\u82f1\u6587_06-173x300.jpg\" alt=\"\" width=\"496\" height=\"860\" srcset=\"https:\/\/ismarch.com\/wp-content\/uploads\/2020\/12\/K30\u8be6\u60c5\u9875\u82f1\u6587_06-173x300.jpg 173w, https:\/\/ismarch.com\/wp-content\/uploads\/2020\/12\/K30\u8be6\u60c5\u9875\u82f1\u6587_06.jpg 284w\" sizes=\"(max-width: 496px) 100vw, 496px\" \/><\/p>\n<p>&nbsp;<\/p>\n<h4 style=\"text-align: center;\">Llamadas Bluetooth Nunca pierdas llamadas importantes Reloj inteligente<\/h4>\n<p><img loading=\"lazy\" decoding=\"async\" class=\"wp-image-645 aligncenter\" src=\"https:\/\/ismarch.com\/wp-content\/uploads\/2020\/12\/K30\u8be6\u60c5\u9875\u82f1\u6587_04-164x300.jpg\" alt=\"\" width=\"497\" height=\"909\" srcset=\"https:\/\/ismarch.com\/wp-content\/uploads\/2020\/12\/K30\u8be6\u60c5\u9875\u82f1\u6587_04-164x300.jpg 164w, https:\/\/ismarch.com\/wp-content\/uploads\/2020\/12\/K30\u8be6\u60c5\u9875\u82f1\u6587_04-350x641.jpg 350w, https:\/\/ismarch.com\/wp-content\/uploads\/2020\/12\/K30\u8be6\u60c5\u9875\u82f1\u6587_04.jpg 426w\" sizes=\"(max-width: 497px) 100vw, 497px\" \/><\/p>\n<p>&nbsp;<\/p>\n<p>&nbsp;<\/p>","protected":false},"excerpt":{"rendered":"<h3><strong>Funci\u00f3n<\/strong><\/h3>\n<p>1.Frecuencia cardiaca, muy importante para usuarios mayores y deportistas<\/p>\n<p>2.La presi\u00f3n arterial y la sangre Ox\u00edgeno seguir la presi\u00f3n arterial diaria paciente<\/p>\n<p>3.Sleeping modo, entender su sue\u00f1o para un mejor d\u00eda<\/p>\n<p>4.C\u00e1lculo de calor\u00edas, mantente en forma en tu vida diaria<\/p>\n<p>5.SMS alertas push, comprobar un mensaje o correo electr\u00f3nico cuando la reuni\u00f3n o el deporte<\/p>\n<p>6.Llamadas Bluetooth, nunca pierdas ninguna llamada, responde a las llamadas en cualquier momento<\/p>\n<h3><\/h3>\n<h3><strong>OEM Y ODM<\/strong><\/h3>\n<p>Logotipo impreso para ON\/OFF, logotipo impreso con l\u00e1ser en la parte posterior del smartwatch, interfaz de usuario personalizada, s\u00f3lo d\u00edganos sus piezas personalizadas. Vamos a satisfacer su solicitud de OEM \/ ODM.<\/p>\n<h3><\/h3>\n<h3><strong>Pedido grande o peque\u00f1o<\/strong><\/h3>\n<p>Pida una o miles de unidades a la vez, seremos flexibles para ayudarle. Mantenemos stock regular puede hacer el env\u00edo r\u00e1pido de pedidos de prueba. Tambi\u00e9n ofrecemos stock de almac\u00e9n libre para recoger toda su smartwatch y banda inteligente luego enviar directamente a su almac\u00e9n o clientes finales.<\/p>\n<p>&nbsp;<\/p>\n<p>&nbsp;<\/p>","protected":false},"featured_media":640,"template":"","meta":{"_seopress_robots_primary_cat":"none","_seopress_titles_title":"","_seopress_titles_desc":"","_seopress_robots_index":""},"product_brand":[],"product_cat":[50,48],"product_tag":[],"class_list":{"0":"post-647","1":"product","2":"type-product","3":"status-publish","4":"has-post-thumbnail","6":"product_cat-calling-smartwatch","7":"product_cat-smart-watch","9":"first","10":"instock","11":"shipping-taxable","12":"product-type-simple"},"_links":{"self":[{"href":"https:\/\/ismarch.com\/es\/wp-json\/wp\/v2\/product\/647","targetHints":{"allow":["GET"]}}],"collection":[{"href":"https:\/\/ismarch.com\/es\/wp-json\/wp\/v2\/product"}],"about":[{"href":"https:\/\/ismarch.com\/es\/wp-json\/wp\/v2\/types\/product"}],"wp:featuredmedia":[{"embeddable":true,"href":"https:\/\/ismarch.com\/es\/wp-json\/wp\/v2\/media\/640"}],"wp:attachment":[{"href":"https:\/\/ismarch.com\/es\/wp-json\/wp\/v2\/media?parent=647"}],"wp:term":[{"taxonomy":"product_brand","embeddable":true,"href":"https:\/\/ismarch.com\/es\/wp-json\/wp\/v2\/product_brand?post=647"},{"taxonomy":"product_cat","embeddable":true,"href":"https:\/\/ismarch.com\/es\/wp-json\/wp\/v2\/product_cat?post=647"},{"taxonomy":"product_tag","embeddable":true,"href":"https:\/\/ismarch.com\/es\/wp-json\/wp\/v2\/product_tag?post=647"}],"curies":[{"name":"wp","href":"https:\/\/api.w.org\/{rel}","templated":true}]}}