{"id":16448,"date":"2024-03-14T02:24:42","date_gmt":"2024-03-14T02:24:42","guid":{"rendered":"https:\/\/ismarch.com\/?post_type=product&#038;p=16448"},"modified":"2024-03-14T06:39:36","modified_gmt":"2024-03-14T06:39:36","slug":"c2","status":"publish","type":"product","link":"https:\/\/ismarch.com\/es\/product\/c2\/","title":{"rendered":"C2 Precision Health &amp; Fitness Smartwatch con integraci\u00f3n BLE- Interfaz de usuario colorida"},"content":{"rendered":"<ol>\n<li><strong>Funciones de vigilancia de la salud<\/strong>:\n<ul>\n<li><strong>Ox\u00edgeno en sangre (SpO2)<\/strong>: Utiliza el m\u00e9todo de reflexi\u00f3n PPG con luz roja e infrarroja.<\/li>\n<li><strong>Temperatura corporal<\/strong>: M\u00f3dulo de temperatura de alta precisi\u00f3n con una exactitud de \u00b10,2\u00b0C.<\/li>\n<li><strong>Frecuencia cardiaca<\/strong>: Alta precisi\u00f3n, consumo ultrabajo, monitorizaci\u00f3n continua durante 7\u00d724 horas.<\/li>\n<li><strong>Tensi\u00f3n arterial<\/strong>: Compatible (utilizar con precauci\u00f3n debido a posibles imprecisiones).<\/li>\n<li><strong>VFC (RRI)<\/strong>: Para aplicaciones emocionales y psicol\u00f3gicas, los datos pueden extraerse mediante protocolo de difusi\u00f3n o SDK personalizado.<\/li>\n<li><strong>Frecuencia respiratoria<\/strong>: Soportado, medido en respiraciones por segundo.<\/li>\n<li><strong>Actividad y sue\u00f1o<\/strong>: Admite el almacenamiento de 7 d\u00edas de datos para la monitorizaci\u00f3n de la actividad y el sue\u00f1o, las 24 horas del d\u00eda.<\/li>\n<li><strong>Calibraci\u00f3n autom\u00e1tica de la hora para pulseras<\/strong>: Soportado (sin necesidad de calibraci\u00f3n APP, la pulsera obtiene autom\u00e1ticamente la hora de la estaci\u00f3n base Bluetooth), disponible como software opcional.<\/li>\n<\/ul>\n<\/li>\n<li><strong>Conectividad y funciones adicionales<\/strong>:\n<ul>\n<li><strong>Funci\u00f3n SOS<\/strong>: Soportado, con una pulsaci\u00f3n larga de 5 segundos para emitir una se\u00f1al SOS que ser\u00e1 recibida por la estaci\u00f3n base y respondida por la plataforma en la nube (disponible en algunas versiones de firmware).<\/li>\n<li><strong>NFC<\/strong>: Soportado, 13.56MHz M1.<\/li>\n<li><strong>Emisi\u00f3n Bluetooth BEACON<\/strong>: Emisi\u00f3n de datos cada 300 ms.<\/li>\n<li><strong>Emparejamiento de la estaci\u00f3n base Bluetooth<\/strong>: Admite la calibraci\u00f3n de la hora por lotes, la visualizaci\u00f3n del n\u00famero de estudiante (empleado), el nombre de la clase (organizaci\u00f3n) en la pantalla de la pulsera, el env\u00edo de mensajes desde la estaci\u00f3n base y el almacenamiento de hasta 5 mensajes enviados.<\/li>\n<\/ul>\n<\/li>\n<li><strong>Par\u00e1metros b\u00e1sicos<\/strong>:\n<ul>\n<li><strong>Talla<\/strong>: 40x20x13mm (cuerpo de la pulsera).<\/li>\n<li><strong>Peso<\/strong>: 9,4 g (cuerpo de la pulsera), 12,2 g (correa).<\/li>\n<li><strong>Temperatura corporal Funci\u00f3n Descripci\u00f3n<\/strong>: Detecci\u00f3n de la temperatura de la superficie, detecci\u00f3n din\u00e1mica de la frecuencia card\u00edaca de alta precisi\u00f3n, sensor de temperatura de alta conductividad t\u00e9rmica, medici\u00f3n y emisi\u00f3n continua de la temperatura de la superficie de la mu\u00f1eca, rango de medici\u00f3n de 36\u00b0C a 40\u00b0C con una precisi\u00f3n de \u00b10,2\u00b0C.<\/li>\n<\/ul>\n<\/li>\n<li><strong>Par\u00e1metros de hardware<\/strong>:\n<ul>\n<li><strong>Proveedor de chipsets<\/strong>: NORDIC NRF52840.<\/li>\n<li><strong>APP<\/strong>: IXFIT (no para uso comercial).<\/li>\n<li><strong>Sistema compatible<\/strong>: Android 5.0 y superior, iOS 9.0 y superior.<\/li>\n<li><strong>Memoria FLASH<\/strong>: 512K.<\/li>\n<li><strong>Mostrar<\/strong>: TFT IPS, 0,96 pulgadas, resoluci\u00f3n 160\u00d780, tipo monot\u00e1ctil.<\/li>\n<\/ul>\n<\/li>\n<li><strong>Par\u00e1metros de conexi\u00f3n<\/strong>:\n<ul>\n<li><strong>Bluetooth<\/strong>: Bluetooth 5.2.<\/li>\n<\/ul>\n<\/li>\n<li><strong>Par\u00e1metros del sensor<\/strong>:\n<ul>\n<li><strong>Sensor G<\/strong>: Sensor de alta precisi\u00f3n con un consumo de energ\u00eda operativo de s\u00f3lo 100 microamperios.<\/li>\n<li><strong>Frecuencia cardiaca<\/strong>: M\u00f3dulo de frecuencia card\u00edaca de alta precisi\u00f3n.<\/li>\n<\/ul>\n<\/li>\n<li><strong>Par\u00e1metros de la bater\u00eda<\/strong>:\n<ul>\n<li><strong>Tipo<\/strong>: Bater\u00eda de pol\u00edmero de litio.<\/li>\n<li><strong>Capacidad<\/strong>: 80mAh.<\/li>\n<li><strong>M\u00e9todo de carga<\/strong>: Cargador magn\u00e9tico.<\/li>\n<\/ul>\n<\/li>\n<li><strong>Otros par\u00e1metros<\/strong>:\n<ul>\n<li><strong>Nivel de impermeabilidad<\/strong>: IP68.<\/li>\n<li><strong>Tiempo de carga<\/strong>2 horas.<\/li>\n<li><strong>Duraci\u00f3n de la bater\u00eda<\/strong>: Hasta 12,5 d\u00edas s\u00f3lo con Bluetooth, recuento de pasos y monitorizaci\u00f3n de temperatura activos; m\u00e1s de 1 semana con monitorizaci\u00f3n continua de la frecuencia cardiaca.<\/li>\n<\/ul>\n<\/li>\n<li><strong>Dise\u00f1o y envasado<\/strong>:\n<ul>\n<li><strong>Color de la correa<\/strong>: Silicona negra o personalizable (MOQ 1000PCS).<\/li>\n<li><strong>Material<\/strong>: Cuerpo principal: pl\u00e1stico; Correa: silicona.<\/li>\n<li><strong>Tama\u00f1o del paquete<\/strong>: 98x98x40mm.<\/li>\n<li><strong>Peso del paquete<\/strong>: 92 g (incluidos el cabezal del reloj, la correa y los accesorios de carga).<\/li>\n<li><strong>Tama\u00f1o de la caja<\/strong>: 510x420x230mm.<\/li>\n<li><strong>Peso de la caja<\/strong>: 10,2 kg.<\/li>\n<li><strong>Cantidad de envases<\/strong>: 100 unidades por caja.<\/li>\n<\/ul>\n<\/li>\n<\/ol>\n<p>&nbsp;<\/p>\n<p>Estas caracter\u00edsticas indican que el smartwatch C2 est\u00e1 equipado con una variedad de opciones de monitorizaci\u00f3n de la salud y conectividad, dise\u00f1ado para un seguimiento continuo y preciso, y es duradero con una clasificaci\u00f3n de impermeabilidad IP68. El dispositivo es adecuado para usuarios que necesitan un seguimiento exhaustivo de la salud y prefieren un dispositivo que pueda integrarse f\u00e1cilmente en diversos sistemas tanto para uso personal como profesional.<\/p>\n<p>&nbsp;<\/p>\n<p><iframe title=\"C2 Smartwatch - Su centro hol\u00edstico de salud y conectividad de iSmarch\" width=\"800\" height=\"600\" src=\"https:\/\/www.youtube.com\/embed\/Xu0M7g5-V7Y?feature=oembed\" frameborder=\"0\" allow=\"accelerometer; autoplay; clipboard-write; encrypted-media; gyroscope; picture-in-picture; web-share\" allowfullscreen><\/iframe><\/p>","protected":false},"excerpt":{"rendered":"<p>Health Monitoring Functions: Blood Oxygen (SpO2): Uses PPG reflection method with red and infrared light. Body Temperature: High-precision temperature module with \u00b10.2\u00b0C accuracy. Heart Rate: High-precision, ultra-low-power consumption, continuous monitoring for 7&#215;24 hours. Blood Pressure: Supported (use with caution due to potential inaccuracies). HRV (RRI): For emotional and psychological applications, data can be extracted via [&hellip;]<\/p>\n","protected":false},"featured_media":16456,"template":"","meta":{"_seopress_robots_primary_cat":"none","_seopress_titles_title":"C2 Health Smartwatch - Precision Monitoring &amp; Seamless BLE Connectivity","_seopress_titles_desc":"Elevate your wellness journey with the C2 Smartwatch, your 24\/7 companion for precise health monitoring. With advanced features like accurate SpO2 tracking, dynamic heart rate monitoring, and skin temperature measurement, the C2 offers unparalleled health insights. Its sleek design, durable build, and BLE integration keep you connected and in control. Ideal for proactive health management and fitness enthusiasts.","_seopress_robots_index":""},"product_brand":[],"product_cat":[71,70,51],"product_tag":[],"class_list":{"0":"post-16448","1":"product","2":"type-product","3":"status-publish","4":"has-post-thumbnail","6":"product_cat-child-education-wearables","7":"product_cat-health-wellness-smartwatches","8":"product_cat-smart-band","10":"first","11":"instock","12":"shipping-taxable","13":"product-type-simple"},"_links":{"self":[{"href":"https:\/\/ismarch.com\/es\/wp-json\/wp\/v2\/product\/16448","targetHints":{"allow":["GET"]}}],"collection":[{"href":"https:\/\/ismarch.com\/es\/wp-json\/wp\/v2\/product"}],"about":[{"href":"https:\/\/ismarch.com\/es\/wp-json\/wp\/v2\/types\/product"}],"wp:featuredmedia":[{"embeddable":true,"href":"https:\/\/ismarch.com\/es\/wp-json\/wp\/v2\/media\/16456"}],"wp:attachment":[{"href":"https:\/\/ismarch.com\/es\/wp-json\/wp\/v2\/media?parent=16448"}],"wp:term":[{"taxonomy":"product_brand","embeddable":true,"href":"https:\/\/ismarch.com\/es\/wp-json\/wp\/v2\/product_brand?post=16448"},{"taxonomy":"product_cat","embeddable":true,"href":"https:\/\/ismarch.com\/es\/wp-json\/wp\/v2\/product_cat?post=16448"},{"taxonomy":"product_tag","embeddable":true,"href":"https:\/\/ismarch.com\/es\/wp-json\/wp\/v2\/product_tag?post=16448"}],"curies":[{"name":"wp","href":"https:\/\/api.w.org\/{rel}","templated":true}]}}