{"id":16091,"date":"2023-11-02T08:09:09","date_gmt":"2023-11-02T08:09:09","guid":{"rendered":"https:\/\/ismarch.com\/?post_type=product&#038;p=16091"},"modified":"2023-11-02T08:09:10","modified_gmt":"2023-11-02T08:09:10","slug":"j2-smartwatch-antidesmontaje","status":"publish","type":"product","link":"https:\/\/ismarch.com\/es\/product\/j2-anti-dismantling-smartwatch\/","title":{"rendered":"J2 Anti-Dismantling Smartwatch - La seguridad sin compromisos se une a la monitorizaci\u00f3n avanzada de la salud"},"content":{"rendered":"<h2>Caracter\u00edsticas principales<\/h2>\n<h3>Robustez y seguridad<\/h3>\n<ul>\n<li><strong>Dise\u00f1o a prueba de manipulaciones<\/strong>: Un material conductor integrado activa las alertas en caso de intento de manipulaci\u00f3n.<\/li>\n<li><strong>Sistema de cierre complejo<\/strong>: Un enclavamiento de aleaci\u00f3n de zinc con tornillos especiales y un sistema de alarma en tiempo real impiden la extracci\u00f3n no autorizada.<\/li>\n<\/ul>\n<h3>M\u00e9tricas sanitarias exhaustivas<\/h3>\n<ul>\n<li><strong>Seguimiento exhaustivo de la salud<\/strong>: Se controlan los niveles de estr\u00e9s, la frecuencia card\u00edaca, el Spo2, etc., para garantizar que la salud de los reclusos se supervisa meticulosamente.<\/li>\n<li><strong>Monitorizaci\u00f3n cardiaca continua<\/strong>: Bajo consumo de energ\u00eda con capacidad de seguimiento 24\/7.<\/li>\n<\/ul>\n<h3>F\u00e1cil de usar y duradero<\/h3>\n<ul>\n<li><strong>Opciones de pantalla<\/strong>: Elija entre una pantalla est\u00e1ndar o mejorada para una mayor durabilidad.<\/li>\n<li><strong>Banda hipoalerg\u00e9nica de TPE<\/strong>: Ofrece comodidad y durabilidad, superior a las bandas de TPU est\u00e1ndar.<\/li>\n<\/ul>\n<h3>Intuitivo y funcional<\/h3>\n<ul>\n<li><strong>Pantalla t\u00e1ctil<\/strong>: Una pantalla TFT IPS de 1,54 pulgadas proporciona un uso claro e interactivo.<\/li>\n<li><strong>Funciones SOS y NFC<\/strong>: Acceso r\u00e1pido a alertas de emergencia y funcionalidad NFC 13,56MHZ\/M1.<\/li>\n<\/ul>\n<h3>Especificaciones t\u00e9cnicas<\/h3>\n<ul>\n<li><strong>Materiales<\/strong>: Funda de pl\u00e1stico resistente con una c\u00f3moda correa de silicona.<\/li>\n<li><strong>Conectividad<\/strong>: Bluetooth 5.2, GPS\/Beidou y NBIOT, adaptados para un rendimiento \u00f3ptimo.<\/li>\n<li><strong>Duraci\u00f3n de la bater\u00eda<\/strong>: Impresionante tiempo en espera, respaldado por una soluci\u00f3n de carga especializada para una gesti\u00f3n centralizada.<\/li>\n<\/ul>\n<h3>Control sanitario avanzado<\/h3>\n<ul>\n<li><strong>An\u00e1lisis sanitario detallado<\/strong>: Registra una serie de par\u00e1metros, desde la frecuencia respiratoria y la temperatura de la piel hasta la VFC, con gran precisi\u00f3n.<\/li>\n<li><strong>Integraci\u00f3n de aplicaciones<\/strong>: Compatible con IXFIT y otras aplicaciones del cliente, mejorado con APP SDK para una integraci\u00f3n perfecta.<\/li>\n<\/ul>\n<h3>Personalizaci\u00f3n y asistencia<\/h3>\n<ul>\n<li><strong>Variantes de color<\/strong>: Disponible en varios colores de correa para adaptarse a los requisitos institucionales.<\/li>\n<li><strong>Asistencia experta<\/strong>: Servicio completo de atenci\u00f3n al cliente para las necesidades de configuraci\u00f3n, integraci\u00f3n y mantenimiento.<\/li>\n<\/ul>","protected":false},"excerpt":{"rendered":"<p>El J2 Anti-Dismantling Smartwatch es un sofisticado wearable de seguridad dise\u00f1ado para proporcionar vigilancia continua y seguimiento de la salud en entornos de alta seguridad como los centros penitenciarios. Con sus funciones a prueba de manipulaciones y sus capacidades de seguimiento de la salud, el J2 es una herramienta indispensable para garantizar el bienestar y la supervisi\u00f3n de los reclusos.<\/p>\n<p>Especificaci\u00f3n J2<\/p>\n<p><strong>Material y tama\u00f1o<\/strong>:<\/p>\n<p>Dimensiones: 43.5*54.5*18.5mm<\/p>\n<p>Peso: 62 g en total (40 g el reloj + 22 g la correa).<\/p>\n<p>Pantalla: Pantalla TFT IPS de 1,54 pulgadas con resoluci\u00f3n 240\u00d7240 y capacidad t\u00e1ctil total.<\/p>\n<p>Caja: Pl\u00e1stico; Correa: Silicona.<\/p>\n<p><strong>Funciones b\u00e1sicas<\/strong>:<\/p>\n<p><strong>Conectividad<\/strong>: Bluetooth 5.2, GPS\/Beidou y NBIOT (optimizado para las bandas de frecuencia chinas).<\/p>\n<p><strong>Vigilancia de la salud<\/strong>:<\/p>\n<p>Estr\u00e9s y emociones: Monitoriza el estado emocional mediante algoritmos basados en la VFC.<\/p>\n<p>Actividades f\u00edsicas: Realiza un seguimiento de los pasos, el sue\u00f1o, la fatiga y proporciona datos de fatiga diaria.<\/p>\n<p>M\u00e9tricas de salud: Monitoriza con precisi\u00f3n la SPO2, la frecuencia respiratoria, la VFC y la temperatura de la piel.<\/p>\n<p>Monitorizaci\u00f3n card\u00edaca: Monitorizaci\u00f3n de la frecuencia cardiaca de bajo consumo con un rango de 100-150\u00b5A, que ofrece un seguimiento 24\/7.<\/p>\n<p>HRV\/RRI: frecuencia de muestreo de 25 Hz, personalizable para frecuencias superiores.<\/p>\n<p><strong>Funciones avanzadas<\/strong>:<\/p>\n<p>SOS: Pulsaci\u00f3n larga de 5 segundos para emergencias.<\/p>\n<p>NFC: Admite 13,56MHZ\/M1.<\/p>\n<p>BLE BEACON: 300MS transmisi\u00f3n de datos y funcionalidad para trabajar con pasarela BLE.<\/p>\n<p>Compatibilidad con aplicaciones: Utiliza la aplicaci\u00f3n IXFIT (disponible en App Store y Google Play) para realizar pruebas y conectarse a la aplicaci\u00f3n del cliente con el SDK de APP proporcionado.<\/p>\n<p><strong>Bater\u00eda y carga<\/strong>:<\/p>\n<p>Bater\u00eda: Pol\u00edmero de litio, 600MAH.<\/p>\n<p>Carga: Cargador especial con capacidad de 1200mah, con opci\u00f3n de caja de gesti\u00f3n centralizada para 50 relojes.<\/p>\n<p>Tiempo en espera: M\u00e1s de 1 a\u00f1o en modo Bluetooth, y 2-3 meses con otras funciones activadas.<\/p>\n<p><strong>Otros par\u00e1metros<\/strong>:<\/p>\n<p>Nivel de estanqueidad: IP68.<\/p>\n<p>Disponible en varios colores de correa.<\/p>\n<p>Dimensiones del paquete: 98*98*40mm, con un peso de 92g. Tama\u00f1o de la caja de cart\u00f3n: 510*420*230 mm para 100 unidades.<\/p>","protected":false},"featured_media":15077,"template":"","meta":{"_seopress_robots_primary_cat":"","_seopress_titles_title":"J2 Anti-Dismantling Smartwatch - Precision Security &amp; Health Tracking","_seopress_titles_desc":"Elevate facility safety with the J2 Anti-Dismantling Smartwatch, featuring enhanced security locks, emergency SOS, and comprehensive health monitoring. Ideal for correctional and psychiatric institutions, this durable wearable ensures constant surveillance and inmate well-being. Inquire today for specialized solutions","_seopress_robots_index":""},"product_brand":[],"product_cat":[74],"product_tag":[],"class_list":{"0":"post-16091","1":"product","2":"type-product","3":"status-publish","4":"has-post-thumbnail","6":"product_cat-custom-special-market-wearables","8":"first","9":"instock","10":"shipping-taxable","11":"product-type-simple"},"_links":{"self":[{"href":"https:\/\/ismarch.com\/es\/wp-json\/wp\/v2\/product\/16091","targetHints":{"allow":["GET"]}}],"collection":[{"href":"https:\/\/ismarch.com\/es\/wp-json\/wp\/v2\/product"}],"about":[{"href":"https:\/\/ismarch.com\/es\/wp-json\/wp\/v2\/types\/product"}],"wp:featuredmedia":[{"embeddable":true,"href":"https:\/\/ismarch.com\/es\/wp-json\/wp\/v2\/media\/15077"}],"wp:attachment":[{"href":"https:\/\/ismarch.com\/es\/wp-json\/wp\/v2\/media?parent=16091"}],"wp:term":[{"taxonomy":"product_brand","embeddable":true,"href":"https:\/\/ismarch.com\/es\/wp-json\/wp\/v2\/product_brand?post=16091"},{"taxonomy":"product_cat","embeddable":true,"href":"https:\/\/ismarch.com\/es\/wp-json\/wp\/v2\/product_cat?post=16091"},{"taxonomy":"product_tag","embeddable":true,"href":"https:\/\/ismarch.com\/es\/wp-json\/wp\/v2\/product_tag?post=16091"}],"curies":[{"name":"wp","href":"https:\/\/api.w.org\/{rel}","templated":true}]}}