{"id":647,"date":"2020-12-09T11:47:39","date_gmt":"2020-12-09T11:47:39","guid":{"rendered":"https:\/\/ismarch.com\/?post_type=product&#038;p=647"},"modified":"2023-11-02T08:42:17","modified_gmt":"2023-11-02T08:42:17","slug":"k30-smartwatch-calling","status":"publish","type":"product","link":"https:\/\/ismarch.com\/de\/product\/k30-smartwatch-calling\/","title":{"rendered":"K30 Smartwatch Bluetooth Calling W\u00e4rmerate Gesundheitspflege"},"content":{"rendered":"<h4 style=\"text-align: center;\">K30 Smartwatch Leichtes Gewicht und farbenfrohes Design<\/h4>\n<p><img fetchpriority=\"high\" decoding=\"async\" class=\"wp-image-642 aligncenter\" src=\"https:\/\/ismarch.com\/wp-content\/uploads\/2020\/12\/K30\u8be6\u60c5\u9875\u82f1\u6587_01-181x300.jpg\" alt=\"\" width=\"483\" height=\"800\" \/><\/p>\n<p>&nbsp;<\/p>\n<h4 style=\"text-align: center;\">Komplette Funktion inculde Herzfrequenz, Blutdruck, Alarm, Nachricht Benachrichtigung ect...<\/h4>\n<p><img decoding=\"async\" class=\"wp-image-643 aligncenter\" src=\"https:\/\/ismarch.com\/wp-content\/uploads\/2020\/12\/K30\u8be6\u60c5\u9875\u82f1\u6587_02-179x300.jpg\" alt=\"\" width=\"497\" height=\"833\" srcset=\"https:\/\/ismarch.com\/wp-content\/uploads\/2020\/12\/K30\u8be6\u60c5\u9875\u82f1\u6587_02-179x300.jpg 179w, https:\/\/ismarch.com\/wp-content\/uploads\/2020\/12\/K30\u8be6\u60c5\u9875\u82f1\u6587_02.jpg 339w\" sizes=\"(max-width: 497px) 100vw, 497px\" \/><\/p>\n<p>&nbsp;<\/p>\n<h4 style=\"text-align: center;\">K30 Smart Watch Super HD-Bildschirm und hohe Aufl\u00f6sung als visueller Effekt, einfache Ber\u00fchrung<\/h4>\n<p><img decoding=\"async\" class=\"wp-image-649 aligncenter\" src=\"https:\/\/ismarch.com\/wp-content\/uploads\/2020\/12\/011-162x300.jpg\" alt=\"\" width=\"394\" height=\"730\" srcset=\"https:\/\/ismarch.com\/wp-content\/uploads\/2020\/12\/011-162x300.jpg 162w, https:\/\/ismarch.com\/wp-content\/uploads\/2020\/12\/011.jpg 284w\" sizes=\"(max-width: 394px) 100vw, 394px\" \/><\/p>\n<p>&nbsp;<\/p>\n<p>&nbsp;<\/p>\n<p>&nbsp;<\/p>\n<h4 style=\"text-align: center;\">Intelligente Uhr mit umfassenden Gesundheitsdaten, die das Leben leichter machen<\/h4>\n<p><img loading=\"lazy\" decoding=\"async\" class=\"wp-image-646 aligncenter\" src=\"https:\/\/ismarch.com\/wp-content\/uploads\/2020\/12\/K30\u8be6\u60c5\u9875\u82f1\u6587_06-173x300.jpg\" alt=\"\" width=\"496\" height=\"860\" srcset=\"https:\/\/ismarch.com\/wp-content\/uploads\/2020\/12\/K30\u8be6\u60c5\u9875\u82f1\u6587_06-173x300.jpg 173w, https:\/\/ismarch.com\/wp-content\/uploads\/2020\/12\/K30\u8be6\u60c5\u9875\u82f1\u6587_06.jpg 284w\" sizes=\"(max-width: 496px) 100vw, 496px\" \/><\/p>\n<p>&nbsp;<\/p>\n<h4 style=\"text-align: center;\">Bluetooth-Anrufe keine wichtigen Anrufe mehr verpassen Smartwatch<\/h4>\n<p><img loading=\"lazy\" decoding=\"async\" class=\"wp-image-645 aligncenter\" src=\"https:\/\/ismarch.com\/wp-content\/uploads\/2020\/12\/K30\u8be6\u60c5\u9875\u82f1\u6587_04-164x300.jpg\" alt=\"\" width=\"497\" height=\"909\" srcset=\"https:\/\/ismarch.com\/wp-content\/uploads\/2020\/12\/K30\u8be6\u60c5\u9875\u82f1\u6587_04-164x300.jpg 164w, https:\/\/ismarch.com\/wp-content\/uploads\/2020\/12\/K30\u8be6\u60c5\u9875\u82f1\u6587_04-350x641.jpg 350w, https:\/\/ismarch.com\/wp-content\/uploads\/2020\/12\/K30\u8be6\u60c5\u9875\u82f1\u6587_04.jpg 426w\" sizes=\"(max-width: 497px) 100vw, 497px\" \/><\/p>\n<p>&nbsp;<\/p>\n<p>&nbsp;<\/p>","protected":false},"excerpt":{"rendered":"<h3><strong>Funktion<\/strong><\/h3>\n<p>1. die Herzfrequenz, sehr wichtig f\u00fcr \u00e4ltere und sportliche Benutzer<\/p>\n<p>2. der Blutdruck und der Blutsauerstoff folgen t\u00e4glich dem Blutdruck des Patienten<\/p>\n<p>3. schlafen Modus, verstehen Sie Ihren Schlaf f\u00fcr bessere Tageszeit<\/p>\n<p>4. kalorische Berechnung, halten Sie fit in Ihrem t\u00e4glichen Leben<\/p>\n<p>5. SMS-Benachrichtigungen Push, \u00fcberpr\u00fcfen Sie eine Nachricht oder E-Mail, wenn Sie Treffen oder Sport<\/p>\n<p>6. Bluetooth-Anrufe, verpassen Sie keine Anrufe, beantworten Sie Anrufe jederzeit<\/p>\n<h3><\/h3>\n<h3><strong>OEM &amp; ODM<\/strong><\/h3>\n<p>Impressum Logo f\u00fcr ON\/OFF, Laserdruck Logo auf der R\u00fcckseite der Smartwatch, kundenspezifische UI, sagen Sie uns einfach Ihre kundenspezifischen Teile. Wir werden Ihre OEM\/ODM-Anfrage erf\u00fcllen.<\/p>\n<h3><\/h3>\n<h3><strong>Gro\u00dfe oder kleine Bestellung<\/strong><\/h3>\n<p>Bestellen Sie einzelne oder tausende von St\u00fcck auf einmal, wir sind flexibel und unterst\u00fctzen Sie. Wir halten regelm\u00e4\u00dfige Lager k\u00f6nnen schnell Versand f\u00fcr Testauftr\u00e4ge zu machen. Wir bieten auch kostenlose Lagerbest\u00e4nde, um alle Ihre Smartwatch und Smartband dann Schiff direkt an Ihr Lager oder Endkunden zu sammeln.<\/p>\n<p>&nbsp;<\/p>\n<p>&nbsp;<\/p>","protected":false},"featured_media":640,"template":"","meta":{"_seopress_robots_primary_cat":"none","_seopress_titles_title":"","_seopress_titles_desc":"","_seopress_robots_index":""},"product_brand":[],"product_cat":[50,48],"product_tag":[],"class_list":{"0":"post-647","1":"product","2":"type-product","3":"status-publish","4":"has-post-thumbnail","6":"product_cat-calling-smartwatch","7":"product_cat-smart-watch","9":"first","10":"instock","11":"shipping-taxable","12":"product-type-simple"},"_links":{"self":[{"href":"https:\/\/ismarch.com\/de\/wp-json\/wp\/v2\/product\/647","targetHints":{"allow":["GET"]}}],"collection":[{"href":"https:\/\/ismarch.com\/de\/wp-json\/wp\/v2\/product"}],"about":[{"href":"https:\/\/ismarch.com\/de\/wp-json\/wp\/v2\/types\/product"}],"wp:featuredmedia":[{"embeddable":true,"href":"https:\/\/ismarch.com\/de\/wp-json\/wp\/v2\/media\/640"}],"wp:attachment":[{"href":"https:\/\/ismarch.com\/de\/wp-json\/wp\/v2\/media?parent=647"}],"wp:term":[{"taxonomy":"product_brand","embeddable":true,"href":"https:\/\/ismarch.com\/de\/wp-json\/wp\/v2\/product_brand?post=647"},{"taxonomy":"product_cat","embeddable":true,"href":"https:\/\/ismarch.com\/de\/wp-json\/wp\/v2\/product_cat?post=647"},{"taxonomy":"product_tag","embeddable":true,"href":"https:\/\/ismarch.com\/de\/wp-json\/wp\/v2\/product_tag?post=647"}],"curies":[{"name":"wp","href":"https:\/\/api.w.org\/{rel}","templated":true}]}}