{"id":16537,"date":"2024-04-08T04:07:48","date_gmt":"2024-04-08T04:07:48","guid":{"rendered":"https:\/\/ismarch.com\/?post_type=product&#038;p=16537"},"modified":"2024-04-08T04:09:08","modified_gmt":"2024-04-08T04:09:08","slug":"intelligenter-schutzhelm","status":"publish","type":"product","link":"https:\/\/ismarch.com\/de\/product\/smart-safety-helmet\/","title":{"rendered":"Smart Safety Helmet - Fortschrittliche IoT-Sicherheit f\u00fcr den industriellen Einsatz"},"content":{"rendered":"<p>Erleben Sie den Inbegriff moderner Arbeitssicherheit mit dem iSmarch Smart Helmet, einer gemeinsamen Innovation von iSmarch und dem VCT InSite. Dieser Helm ist nicht einfach nur ein Ausr\u00fcstungsgegenstand; er ist eine Verschmelzung von hochgradigem Schutz und ausgekl\u00fcgelter IoT-Technologie, die entwickelt wurde, um die Sicherheit am Arbeitsplatz in eine neue \u00c4ra zu f\u00fchren.<\/p>\n<p>Treten Sie ein in die Zukunft der Sicherheit am Arbeitsplatz mit dem iSmarch Smart Helmet. Dieser Helm wurde f\u00fcr die moderne Industriewelt entwickelt und kombiniert \u00fcberragenden Schutz mit der fortschrittlichsten IoT-Technologie, damit Sie vernetzt und sicher bleiben.<\/p>\n<p><img fetchpriority=\"high\" decoding=\"async\" class=\"alignnone wp-image-16505\" src=\"https:\/\/ismarch.com\/wp-content\/uploads\/2024\/04\/Smart-helmet-connect-to-Lora-300x162.jpg\" alt=\"Intelligente Helme verbinden sich mit Lora\" width=\"590\" height=\"318\" srcset=\"https:\/\/ismarch.com\/wp-content\/uploads\/2024\/04\/Smart-helmet-connect-to-Lora-300x162.jpg 300w, https:\/\/ismarch.com\/wp-content\/uploads\/2024\/04\/Smart-helmet-connect-to-Lora-1024x554.jpg 1024w, https:\/\/ismarch.com\/wp-content\/uploads\/2024\/04\/Smart-helmet-connect-to-Lora-768x415.jpg 768w, https:\/\/ismarch.com\/wp-content\/uploads\/2024\/04\/Smart-helmet-connect-to-Lora-18x10.jpg 18w, https:\/\/ismarch.com\/wp-content\/uploads\/2024\/04\/Smart-helmet-connect-to-Lora.jpg 1200w\" sizes=\"(max-width: 590px) 100vw, 590px\" \/><\/p>\n<p>Das Besondere am iSmarch Smart Helmet ist sein integriertes Personenortungssystem, das die Position des Tr\u00e4gers sowohl in geschlossenen R\u00e4umen als auch auf weitl\u00e4ufigen Baustellen punktgenau erfasst. Dies gew\u00e4hrleistet die operative Koordination und verbessert die Sicherheitsma\u00dfnahmen, da alle Personen jederzeit erfasst werden k\u00f6nnen.<\/p>\n<p>Kommunikation ist in risikoreichen Umgebungen entscheidend, und iSmarch wei\u00df das. Aus diesem Grund ist unser Helm mit LoRa-Konnektivit\u00e4t f\u00fcr die weitr\u00e4umige Kommunikation und BLE f\u00fcr energieeffiziente, lokale Verbindungen ausgestattet. Diese duale Kommunikationstechnologie erm\u00f6glicht eine unterbrechungsfreie Daten\u00fcbertragung und Echtzeitwarnungen und stellt sicher, dass Sie immer in Kontakt bleiben, wenn es am wichtigsten ist.<\/p>\n<p>Mit dem iSmarch Smart Helmet k\u00f6nnen Sie ganz einfach zwischen BLE- und GPS-Ortung wechseln, um sich an verschiedene Umgebungen anzupassen und konsistente und zuverl\u00e4ssige Ortungsdienste zu gew\u00e4hrleisten. Das modulare Design erm\u00f6glicht eine Reihe von Anbauteilen und bietet so Vielseitigkeit und erweiterte Funktionen, die auf Ihre Bed\u00fcrfnisse zugeschnitten sind.<\/p>\n<p>Entscheiden Sie sich f\u00fcr den iSmarch Smart Helmet wegen seiner unvergleichlichen Vorteile: strategisches Design f\u00fcr robusten Schutz, nahtlose Kommunikation und umfassende Abdeckung, die herk\u00f6mmliche Helme nicht bieten k\u00f6nnen. Erleben Sie die n\u00e4chste Generation des intelligenten Schutzes, wo Sicherheit auf Konnektivit\u00e4t trifft.<\/p>\n<p><iframe title=\"Revolutionierung der Sicherheit im Bauwesen: Die VCT InSite &amp; iSmarch Smart Helmet Technologie\" width=\"800\" height=\"450\" src=\"https:\/\/www.youtube.com\/embed\/qe0G8KxJg94?start=48&#038;feature=oembed\" frameborder=\"0\" allow=\"accelerometer; autoplay; clipboard-write; encrypted-media; gyroscope; picture-in-picture; web-share\" referrerpolicy=\"strict-origin-when-cross-origin\" allowfullscreen><\/iframe><\/p>","protected":false},"excerpt":{"rendered":"<p>Experience the epitome of modern industrial safety with the iSmarch Smart Helmet, a collaborative innovation brought to you by iSmarch and the VCT InSite. This helmet isn&#8217;t just a piece of equipment; it&#8217;s a fusion of high-level protection and sophisticated IoT technology, designed to propel workplace safety into a new era. Step into the future [&hellip;]<\/p>\n","protected":false},"featured_media":16540,"template":"","meta":{"_seopress_robots_primary_cat":"none","_seopress_titles_title":"iSmarch Smart Safety Helmet | Cutting-Edge IoT Safety & Communication","_seopress_titles_desc":"Discover the iSmarch Smart Helmet, an IoT-integrated protective gear offering unmatched safety, precision positioning, and real-time connectivity. Ideal for industrial applications, it's the future of on-site safety and efficiency.","_seopress_robots_index":""},"product_brand":[],"product_cat":[73],"product_tag":[],"class_list":{"0":"post-16537","1":"product","2":"type-product","3":"status-publish","4":"has-post-thumbnail","6":"product_cat-industrial-military-wearables","8":"first","9":"instock","10":"shipping-taxable","11":"product-type-simple"},"_links":{"self":[{"href":"https:\/\/ismarch.com\/de\/wp-json\/wp\/v2\/product\/16537","targetHints":{"allow":["GET"]}}],"collection":[{"href":"https:\/\/ismarch.com\/de\/wp-json\/wp\/v2\/product"}],"about":[{"href":"https:\/\/ismarch.com\/de\/wp-json\/wp\/v2\/types\/product"}],"wp:featuredmedia":[{"embeddable":true,"href":"https:\/\/ismarch.com\/de\/wp-json\/wp\/v2\/media\/16540"}],"wp:attachment":[{"href":"https:\/\/ismarch.com\/de\/wp-json\/wp\/v2\/media?parent=16537"}],"wp:term":[{"taxonomy":"product_brand","embeddable":true,"href":"https:\/\/ismarch.com\/de\/wp-json\/wp\/v2\/product_brand?post=16537"},{"taxonomy":"product_cat","embeddable":true,"href":"https:\/\/ismarch.com\/de\/wp-json\/wp\/v2\/product_cat?post=16537"},{"taxonomy":"product_tag","embeddable":true,"href":"https:\/\/ismarch.com\/de\/wp-json\/wp\/v2\/product_tag?post=16537"}],"curies":[{"name":"wp","href":"https:\/\/api.w.org\/{rel}","templated":true}]}}