{"id":16448,"date":"2024-03-14T02:24:42","date_gmt":"2024-03-14T02:24:42","guid":{"rendered":"https:\/\/ismarch.com\/?post_type=product&#038;p=16448"},"modified":"2024-03-14T06:39:36","modified_gmt":"2024-03-14T06:39:36","slug":"c2","status":"publish","type":"product","link":"https:\/\/ismarch.com\/de\/product\/c2\/","title":{"rendered":"C2 Precision Health &amp; Fitness Smartwatch mit BLE-Integration- Bunte UI"},"content":{"rendered":"<ol>\n<li><strong>Funktionen zur Gesundheits\u00fcberwachung<\/strong>:\n<ul>\n<li><strong>Blutsauerstoff (SpO2)<\/strong>: Verwendet die PPG-Reflexionsmethode mit rotem und infrarotem Licht.<\/li>\n<li><strong>K\u00f6rpertemperatur<\/strong>: Hochpr\u00e4zises Temperaturmodul mit einer Genauigkeit von \u00b10,2\u00b0C.<\/li>\n<li><strong>Herzfrequenz<\/strong>: Hochpr\u00e4zise, ultraniedriger Stromverbrauch, kontinuierliche \u00dcberwachung f\u00fcr 7\u00d724 Stunden.<\/li>\n<li><strong>Blutdruck<\/strong>: Unterst\u00fctzt (wegen m\u00f6glicher Ungenauigkeiten mit Vorsicht zu verwenden).<\/li>\n<li><strong>HRV (RRI)<\/strong>: F\u00fcr emotionale und psychologische Anwendungen k\u00f6nnen die Daten \u00fcber ein Broadcast-Protokoll oder ein benutzerdefiniertes SDK extrahiert werden.<\/li>\n<li><strong>Atemfrequenz<\/strong>: Unterst\u00fctzt, gemessen in Atemz\u00fcgen pro Sekunde.<\/li>\n<li><strong>Aktivit\u00e4t und Schlaf<\/strong>: Unterst\u00fctzt die Speicherung von 7 Tagen an Daten f\u00fcr die Aktivit\u00e4ts- und Schlaf\u00fcberwachung, 24 Stunden am Tag.<\/li>\n<li><strong>Automatische Zeitkalibrierung f\u00fcr Armb\u00e4nder<\/strong>: Unterst\u00fctzt (keine APP-Kalibrierung erforderlich, das Armband erh\u00e4lt die Uhrzeit automatisch von der Bluetooth-Basisstation), als optionale Software erh\u00e4ltlich.<\/li>\n<\/ul>\n<\/li>\n<li><strong>Konnektivit\u00e4t und zus\u00e4tzliche Funktionen<\/strong>:\n<ul>\n<li><strong>SOS-Funktion<\/strong>: Unterst\u00fctzt, mit einem langen Druck von 5 Sekunden, um ein SOS-Signal zu senden, das von der Basisstation empfangen und von der Cloud-Plattform beantwortet wird (verf\u00fcgbar in einigen Firmware-Versionen).<\/li>\n<li><strong>NFC<\/strong>: Unterst\u00fctzt, 13,56MHz M1.<\/li>\n<li><strong>Bluetooth BEACON Broadcast<\/strong>: Daten\u00fcbertragung alle 300ms.<\/li>\n<li><strong>Bluetooth-Basisstation koppeln<\/strong>: Unterst\u00fctzt Stapelzeitkalibrierung, Anzeige der Sch\u00fcler- (Mitarbeiter-) Nummer, des Klassen- (Organisations-) Namens auf dem Bildschirm des Armbands, Push-Nachrichten von der Basisstation und Speicherung von bis zu 5 Push-Nachrichten.<\/li>\n<\/ul>\n<\/li>\n<li><strong>Grundlegende Parameter<\/strong>:\n<ul>\n<li><strong>Gr\u00f6\u00dfe<\/strong>: 40x20x13mm (K\u00f6rper des Armbands).<\/li>\n<li><strong>Gewicht<\/strong>9,4 g (K\u00f6rper des Armbands), 12,2 g (Armband).<\/li>\n<li><strong>K\u00f6rpertemperatur Funktion Beschreibung<\/strong>: Oberfl\u00e4chentemperaturerfassung, hochpr\u00e4zise dynamische Herzfrequenzerfassung, Temperatursensor mit hoher W\u00e4rmeleitf\u00e4higkeit, kontinuierliche Messung und \u00dcbertragung der Oberfl\u00e4chentemperatur des Handgelenks, Messbereich von 36\u00b0C bis 40\u00b0C mit einer Genauigkeit von \u00b10,2\u00b0C.<\/li>\n<\/ul>\n<\/li>\n<li><strong>Hardware-Parameter<\/strong>:\n<ul>\n<li><strong>Anbieter von Chips\u00e4tzen<\/strong>: NORDIC NRF52840.<\/li>\n<li><strong>APP<\/strong>: IXFIT (nicht zur kommerziellen Nutzung).<\/li>\n<li><strong>Kompatibles System<\/strong>: Android 5.0 und h\u00f6her, iOS 9.0 und h\u00f6her.<\/li>\n<li><strong>FLASH-Speicher<\/strong>: 512K.<\/li>\n<li><strong>Anzeige<\/strong>: TFT IPS, 0,96 Zoll, 160\u00d780 Aufl\u00f6sung, Single-Touch-Typ.<\/li>\n<\/ul>\n<\/li>\n<li><strong>Verbindungsparameter<\/strong>:\n<ul>\n<li><strong>Bluetooth<\/strong>: Bluetooth 5.2.<\/li>\n<\/ul>\n<\/li>\n<li><strong>Sensor-Parameter<\/strong>:\n<ul>\n<li><strong>G-Sensor<\/strong>: Hochpr\u00e4zisionssensor mit einem Betriebsstromverbrauch von nur 100 Mikroampere.<\/li>\n<li><strong>Herzfrequenz<\/strong>: Hochpr\u00e4zises Herzfrequenzmodul.<\/li>\n<\/ul>\n<\/li>\n<li><strong>Batterie-Parameter<\/strong>:\n<ul>\n<li><strong>Typ<\/strong>: Polymer-Lithium-Batterie.<\/li>\n<li><strong>Kapazit\u00e4t<\/strong>: 80mAh.<\/li>\n<li><strong>Methode der Aufladung<\/strong>: Magnetisches Ladeger\u00e4t.<\/li>\n<\/ul>\n<\/li>\n<li><strong>Andere Parameter<\/strong>:\n<ul>\n<li><strong>Wasserdichtes Niveau<\/strong>: IP68.<\/li>\n<li><strong>Aufladezeit<\/strong>2 Stunden.<\/li>\n<li><strong>Lebensdauer der Batterie<\/strong>: Bis zu 12,5 Tage, wenn nur Bluetooth, Schrittz\u00e4hlung und Temperatur\u00fcberwachung aktiv sind; \u00fcber 1 Woche mit kontinuierlicher Herzfrequenz\u00fcberwachung.<\/li>\n<\/ul>\n<\/li>\n<li><strong>Design und Verpackung<\/strong>:\n<ul>\n<li><strong>Riemen Farbe<\/strong>: Schwarzes Silikon oder anpassbar (MOQ 1000PCS).<\/li>\n<li><strong>Material<\/strong>: Hauptk\u00f6rper: Kunststoff; Armband: Silikon.<\/li>\n<li><strong>Packungsgr\u00f6\u00dfe<\/strong>98x98x40mm.<\/li>\n<li><strong>Paket Gewicht<\/strong>92 g (einschlie\u00dflich Uhrenkopf, Armband und Ladezubeh\u00f6r).<\/li>\n<li><strong>Gr\u00f6\u00dfe des Kartons<\/strong>: 510x420x230mm.<\/li>\n<li><strong>Gewicht des Kartons<\/strong>: 10,2 kg.<\/li>\n<li><strong>Verpackung Menge<\/strong>: 100 St\u00fcck pro Karton.<\/li>\n<\/ul>\n<\/li>\n<\/ol>\n<p>&nbsp;<\/p>\n<p>Diese Merkmale deuten darauf hin, dass die C2-Smartwatch mit einer Vielzahl von Gesundheits\u00fcberwachungs- und Konnektivit\u00e4tsoptionen ausgestattet ist, f\u00fcr eine kontinuierliche und pr\u00e4zise Verfolgung konzipiert wurde und dank der Wasserdichtigkeitsklasse IP68 robust ist. Das Ger\u00e4t eignet sich f\u00fcr Nutzer, die eine umfassende Gesundheits\u00fcberwachung ben\u00f6tigen und ein Ger\u00e4t bevorzugen, das sich leicht in verschiedene Systeme f\u00fcr den privaten und beruflichen Gebrauch integrieren l\u00e4sst.<\/p>\n<p>&nbsp;<\/p>\n<p><iframe title=\"C2 Smartwatch - Ihr ganzheitliches Gesundheits- und Konnektivit\u00e4tszentrum von iSmarch\" width=\"800\" height=\"600\" src=\"https:\/\/www.youtube.com\/embed\/Xu0M7g5-V7Y?feature=oembed\" frameborder=\"0\" allow=\"accelerometer; autoplay; clipboard-write; encrypted-media; gyroscope; picture-in-picture; web-share\" allowfullscreen><\/iframe><\/p>","protected":false},"excerpt":{"rendered":"<p>Health Monitoring Functions: Blood Oxygen (SpO2): Uses PPG reflection method with red and infrared light. Body Temperature: High-precision temperature module with \u00b10.2\u00b0C accuracy. Heart Rate: High-precision, ultra-low-power consumption, continuous monitoring for 7&#215;24 hours. Blood Pressure: Supported (use with caution due to potential inaccuracies). HRV (RRI): For emotional and psychological applications, data can be extracted via [&hellip;]<\/p>\n","protected":false},"featured_media":16456,"template":"","meta":{"_seopress_robots_primary_cat":"none","_seopress_titles_title":"C2 Health Smartwatch - Precision Monitoring &amp; Seamless BLE Connectivity","_seopress_titles_desc":"Elevate your wellness journey with the C2 Smartwatch, your 24\/7 companion for precise health monitoring. With advanced features like accurate SpO2 tracking, dynamic heart rate monitoring, and skin temperature measurement, the C2 offers unparalleled health insights. Its sleek design, durable build, and BLE integration keep you connected and in control. Ideal for proactive health management and fitness enthusiasts.","_seopress_robots_index":""},"product_brand":[],"product_cat":[71,70,51],"product_tag":[],"class_list":{"0":"post-16448","1":"product","2":"type-product","3":"status-publish","4":"has-post-thumbnail","6":"product_cat-child-education-wearables","7":"product_cat-health-wellness-smartwatches","8":"product_cat-smart-band","10":"first","11":"instock","12":"shipping-taxable","13":"product-type-simple"},"_links":{"self":[{"href":"https:\/\/ismarch.com\/de\/wp-json\/wp\/v2\/product\/16448","targetHints":{"allow":["GET"]}}],"collection":[{"href":"https:\/\/ismarch.com\/de\/wp-json\/wp\/v2\/product"}],"about":[{"href":"https:\/\/ismarch.com\/de\/wp-json\/wp\/v2\/types\/product"}],"wp:featuredmedia":[{"embeddable":true,"href":"https:\/\/ismarch.com\/de\/wp-json\/wp\/v2\/media\/16456"}],"wp:attachment":[{"href":"https:\/\/ismarch.com\/de\/wp-json\/wp\/v2\/media?parent=16448"}],"wp:term":[{"taxonomy":"product_brand","embeddable":true,"href":"https:\/\/ismarch.com\/de\/wp-json\/wp\/v2\/product_brand?post=16448"},{"taxonomy":"product_cat","embeddable":true,"href":"https:\/\/ismarch.com\/de\/wp-json\/wp\/v2\/product_cat?post=16448"},{"taxonomy":"product_tag","embeddable":true,"href":"https:\/\/ismarch.com\/de\/wp-json\/wp\/v2\/product_tag?post=16448"}],"curies":[{"name":"wp","href":"https:\/\/api.w.org\/{rel}","templated":true}]}}