{"id":16091,"date":"2023-11-02T08:09:09","date_gmt":"2023-11-02T08:09:09","guid":{"rendered":"https:\/\/ismarch.com\/?post_type=product&#038;p=16091"},"modified":"2023-11-02T08:09:10","modified_gmt":"2023-11-02T08:09:10","slug":"j2-anti-demontage-smartwatch","status":"publish","type":"product","link":"https:\/\/ismarch.com\/de\/product\/j2-anti-dismantling-smartwatch\/","title":{"rendered":"J2 Anti-Dismantling Smartwatch - Kompromisslose Sicherheit trifft auf fortschrittliche Gesundheits\u00fcberwachung"},"content":{"rendered":"<h2>Wesentliche Merkmale<\/h2>\n<h3>Robust und sicher<\/h3>\n<ul>\n<li><strong>Manipulationssicheres Design<\/strong>: Ein integriertes leitf\u00e4higes Material l\u00f6st bei Manipulationsversuchen einen Alarm aus.<\/li>\n<li><strong>Komplexes Schlie\u00dfsystem<\/strong>: Eine Verriegelung aus Zinklegierung mit Spezialschrauben und ein Echtzeit-Alarmsystem verhindern eine unbefugte Entnahme.<\/li>\n<\/ul>\n<h3>Umfassende Gesundheitsmetriken<\/h3>\n<ul>\n<li><strong>Eingehende Gesundheits\u00fcberwachung<\/strong>: Stresslevel, Herzfrequenz, Spo2 und mehr werden \u00fcberwacht, um sicherzustellen, dass die Gesundheit der Insassen genauestens \u00fcberwacht wird.<\/li>\n<li><strong>Kontinuierliche Herz\u00fcberwachung<\/strong>: Geringer Stromverbrauch mit 24\/7-Tracking-Funktionen.<\/li>\n<\/ul>\n<h3>Benutzerfreundlich und langlebig<\/h3>\n<ul>\n<li><strong>Bildschirm-Optionen<\/strong>: W\u00e4hlen Sie zwischen einem Standard- und einem verbesserten Bildschirm f\u00fcr erh\u00f6hte Haltbarkeit.<\/li>\n<li><strong>Hypoallergenes TPE-Band<\/strong>: Bietet Komfort und Haltbarkeit, besser als Standard-TPU-B\u00e4nder.<\/li>\n<\/ul>\n<h3>Intuitiv und funktional<\/h3>\n<ul>\n<li><strong>Volles Touch-Display<\/strong>: Ein 1,54-Zoll-TFT-IPS-Bildschirm sorgt f\u00fcr eine klare, interaktive Benutzerf\u00fchrung.<\/li>\n<li><strong>SOS- und NFC-Funktionen<\/strong>: Schneller Zugriff auf Notfallwarnungen und 13,56MHZ\/M1 NFC-Funktionalit\u00e4t.<\/li>\n<\/ul>\n<h3>Technische Daten<\/h3>\n<ul>\n<li><strong>Materialien<\/strong>: Strapazierf\u00e4higes Kunststoffgeh\u00e4use mit bequemem Silikonband.<\/li>\n<li><strong>Konnektivit\u00e4t<\/strong>: Bluetooth 5.2, GPS\/Beidou und NBIOT, ma\u00dfgeschneidert f\u00fcr optimale Leistung.<\/li>\n<li><strong>Lebensdauer der Batterie<\/strong>: Beeindruckende Standby-Zeit, unterst\u00fctzt durch eine spezielle Ladel\u00f6sung f\u00fcr ein zentrales Management.<\/li>\n<\/ul>\n<h3>Erweiterte Gesundheits\u00fcberwachung<\/h3>\n<ul>\n<li><strong>Detaillierte Gesundheitsanalyse<\/strong>: Erfasst eine Reihe von Messwerten, von der Atemfrequenz \u00fcber die Hauttemperatur bis hin zur HRV, und das alles mit hoher Genauigkeit.<\/li>\n<li><strong>App-Integration<\/strong>: Kompatibel mit IXFIT und anderen Kunden-Apps, erweitert mit APP SDK f\u00fcr nahtlose Integration.<\/li>\n<\/ul>\n<h3>Anpassung und Unterst\u00fctzung<\/h3>\n<ul>\n<li><strong>Farb-Varianten<\/strong>: Erh\u00e4ltlich in verschiedenen Gurtfarben, um den institutionellen Anforderungen gerecht zu werden.<\/li>\n<li><strong>Unterst\u00fctzung durch Experten<\/strong>: Full-Service-Kundensupport f\u00fcr Einrichtung, Integration und laufende Wartung.<\/li>\n<\/ul>","protected":false},"excerpt":{"rendered":"<p>Die J2 Anti-Dismantling Smartwatch ist ein hochentwickeltes Sicherheits-Wearable, das f\u00fcr die kontinuierliche \u00dcberwachung und Gesundheits\u00fcberwachung in Hochsicherheitsumgebungen wie Justizvollzugsanstalten entwickelt wurde. Mit ihren manipulationssicheren Funktionen und der Gesundheits\u00fcberwachung ist die J2 ein unverzichtbares Werkzeug, um das Wohlergehen und die \u00dcberwachung von Insassen zu gew\u00e4hrleisten.<\/p>\n<p>J2 Spezifikation<\/p>\n<p><strong>Material und Gr\u00f6\u00dfe<\/strong>:<\/p>\n<p>Abmessungen: 43.5*54.5*18.5mm<\/p>\n<p>Gewicht: 62 g insgesamt (40 g f\u00fcr die Uhr + 22 g f\u00fcr das Armband).<\/p>\n<p>Display: 1,54-Zoll-TFT-IPS-Bildschirm mit 240\u00d7240 Aufl\u00f6sung und voller Touch-Funktionalit\u00e4t.<\/p>\n<p>Geh\u00e4use: Kunststoff; Armband: Silikon.<\/p>\n<p><strong>Kernfunktionen<\/strong>:<\/p>\n<p><strong>Konnektivit\u00e4t<\/strong>: Bluetooth 5.2, GPS\/Beidou und NBIOT (optimiert f\u00fcr chinesische Frequenzb\u00e4nder).<\/p>\n<p><strong>\u00dcberwachung der Gesundheit<\/strong>:<\/p>\n<p>Stress und Emotionen: \u00dcberwacht den emotionalen Zustand \u00fcber HRV-basierte Algorithmen.<\/p>\n<p>K\u00f6rperliche Aktivit\u00e4ten: Verfolgt Schritte, Schlaf, M\u00fcdigkeit und liefert t\u00e4gliche M\u00fcdigkeitsdaten.<\/p>\n<p>Gesundheitsmetriken: \u00dcberwacht SPO2, Atmungsfrequenz, HRV und Hauttemperatur genau.<\/p>\n<p>Herz\u00fcberwachung: Herzfrequenz\u00fcberwachung mit niedrigem Stromverbrauch und einem Bereich von 100-150\u00b5A, die eine 24\/7-\u00dcberwachung erm\u00f6glicht.<\/p>\n<p>HRV\/RRI: 25Hz Abtastrate, anpassbar f\u00fcr h\u00f6here Raten.<\/p>\n<p><strong>Erweiterte Funktionen<\/strong>:<\/p>\n<p>SOS: Langes Dr\u00fccken von 5 Sekunden f\u00fcr Notf\u00e4lle.<\/p>\n<p>NFC: Unterst\u00fctzt 13,56MHZ\/M1.<\/p>\n<p>BLE BEACON: 300MS sendet Daten und Funktionen f\u00fcr die Arbeit mit BLE-Gateways.<\/p>\n<p>App-Kompatibilit\u00e4t: Verwendet die IXFIT-App (erh\u00e4ltlich im App Store und bei Google Play) zum Testen und verbindet sich mit der App des Kunden \u00fcber das bereitgestellte APP SDK.<\/p>\n<p><strong>Batterie &amp; Aufladen<\/strong>:<\/p>\n<p>Batterie: Polymer-Lithium, 600MAH.<\/p>\n<p>Aufladen: Spezielles Ladeger\u00e4t mit einer Kapazit\u00e4t von 1200 mAh, mit der Option einer zentralen Verwaltungsbox f\u00fcr 50 Uhren.<\/p>\n<p>Standby-Zeit: \u00dcber 1 Jahr im Bluetooth-Modus und 2-3 Monate bei aktivierten anderen Funktionen.<\/p>\n<p><strong>Andere Parameter<\/strong>:<\/p>\n<p>Wasserdicht: IP68.<\/p>\n<p>Erh\u00e4ltlich in verschiedenen Armbandfarben.<\/p>\n<p>Paket Abmessungen: 98*98*40mm, mit einem Gewicht von 92g. Carton Box-Gr\u00f6\u00dfe bei 510*420*230mm f\u00fcr 100pcs.<\/p>","protected":false},"featured_media":15077,"template":"","meta":{"_seopress_robots_primary_cat":"","_seopress_titles_title":"J2 Anti-Dismantling Smartwatch - Precision Security &amp; Health Tracking","_seopress_titles_desc":"Elevate facility safety with the J2 Anti-Dismantling Smartwatch, featuring enhanced security locks, emergency SOS, and comprehensive health monitoring. Ideal for correctional and psychiatric institutions, this durable wearable ensures constant surveillance and inmate well-being. Inquire today for specialized solutions","_seopress_robots_index":""},"product_brand":[],"product_cat":[74],"product_tag":[],"class_list":{"0":"post-16091","1":"product","2":"type-product","3":"status-publish","4":"has-post-thumbnail","6":"product_cat-custom-special-market-wearables","8":"first","9":"instock","10":"shipping-taxable","11":"product-type-simple"},"_links":{"self":[{"href":"https:\/\/ismarch.com\/de\/wp-json\/wp\/v2\/product\/16091","targetHints":{"allow":["GET"]}}],"collection":[{"href":"https:\/\/ismarch.com\/de\/wp-json\/wp\/v2\/product"}],"about":[{"href":"https:\/\/ismarch.com\/de\/wp-json\/wp\/v2\/types\/product"}],"wp:featuredmedia":[{"embeddable":true,"href":"https:\/\/ismarch.com\/de\/wp-json\/wp\/v2\/media\/15077"}],"wp:attachment":[{"href":"https:\/\/ismarch.com\/de\/wp-json\/wp\/v2\/media?parent=16091"}],"wp:term":[{"taxonomy":"product_brand","embeddable":true,"href":"https:\/\/ismarch.com\/de\/wp-json\/wp\/v2\/product_brand?post=16091"},{"taxonomy":"product_cat","embeddable":true,"href":"https:\/\/ismarch.com\/de\/wp-json\/wp\/v2\/product_cat?post=16091"},{"taxonomy":"product_tag","embeddable":true,"href":"https:\/\/ismarch.com\/de\/wp-json\/wp\/v2\/product_tag?post=16091"}],"curies":[{"name":"wp","href":"https:\/\/api.w.org\/{rel}","templated":true}]}}